{"id":5799,"date":"2026-02-17T16:45:31","date_gmt":"2026-02-17T16:45:31","guid":{"rendered":"https:\/\/studio-daar.com\/?post_type=product&#038;p=5799"},"modified":"2026-03-14T00:27:05","modified_gmt":"2026-03-14T00:27:05","slug":"tirkizne-male-mindjuse","status":"publish","type":"product","link":"https:\/\/studio-daar.com\/en\/proizvodi\/tirkizne-male-mindjuse\/","title":{"rendered":"Tirkizne male mindju\u0161e"},"content":{"rendered":"<p>This item have beautiful package and it's ready for gifting.<br \/>\nIt will be very securely packed for safe shipping and delivery.<\/p>\n<p>If you are buying a gift I can send it direct for you and take care of the nice gift wrapping too \u2013 feel free to send me a message to insert in package!<\/p>\n<p>Proizvod je ru\u010dno izra\u0111en u mom malom studiju.<br \/>\nHvala \u0161to podr\u017eavate ru\u010dni rad\u2728<\/p>","protected":false},"excerpt":{"rendered":"<p>SIZE:<br \/>\n1.0 x 1.0 cm<\/p>\n<p>Mindju\u0161e su ru\u010dno izradjene, kori\u0161\u0107ena je polimerska glina i zlatni listi\u0107i, za\u0161ti\u0107ene su rezinom.<br \/>\nNau\u0161nice su hipoalergene.<\/p>\n<p>These studs are truly beautiful and delicate.<br \/>\nThey are perfect for a loved one or for yourself.<\/p>","protected":false},"featured_media":5800,"comment_status":"open","ping_status":"closed","template":"","meta":{"inline_featured_image":false,"site-sidebar-layout":"default","site-content-layout":"default","ast-global-header-display":"","ast-banner-title-visibility":"","ast-main-header-display":"","ast-hfb-above-header-display":"","ast-hfb-below-header-display":"","ast-hfb-mobile-header-display":"","site-post-title":"","ast-breadcrumbs-content":"","ast-featured-img":"","footer-sml-layout":"","theme-transparent-header-meta":"default","adv-header-id-meta":"","stick-header-meta":"","header-above-stick-meta":"","header-main-stick-meta":"","header-below-stick-meta":""},"product_cat":[39,25],"product_tag":[],"class_list":["post-5799","product","type-product","status-publish","has-post-thumbnail","hentry","product_cat-mindjuse","product_cat-nakit","desktop-align-center","tablet-align-left","mobile-align-left"],"acf":[],"yoast_head":"<!-- This site is optimized with the Yoast SEO plugin v27.3 - https:\/\/yoast.com\/product\/yoast-seo-wordpress\/ -->\n<title>Tirkizne male mindju\u0161e - Studio Daar<\/title>\n<meta name=\"robots\" content=\"index, follow, max-snippet:-1, max-image-preview:large, max-video-preview:-1\" \/>\n<link rel=\"canonical\" href=\"https:\/\/studio-daar.com\/en\/proizvodi\/tirkizne-male-mindjuse\/\" \/>\n<meta property=\"og:locale\" content=\"en_US\" \/>\n<meta property=\"og:type\" content=\"article\" \/>\n<meta property=\"og:title\" content=\"Tirkizne male mindju\u0161e - Studio Daar\" \/>\n<meta property=\"og:description\" content=\"DIMENZIJE: 1.0 x 1.0 cm  Mindju\u0161e su ru\u010dno izradjene, kori\u0161\u0107ena je polimerska glina i zlatni listi\u0107i, za\u0161ti\u0107ene su rezinom. Nau\u0161nice su hipoalergene.  Min\u0111u\u0161e su izuzetno lepe i delikatne. Savr\u0161ene su za va\u0161u voljenu osobu ili ba\u0161 za vas.\" \/>\n<meta property=\"og:url\" content=\"https:\/\/studio-daar.com\/en\/proizvodi\/tirkizne-male-mindjuse\/\" \/>\n<meta property=\"og:site_name\" content=\"Studio Daar\" \/>\n<meta property=\"article:publisher\" content=\"https:\/\/m.facebook.com\/daarstudio\/\" \/>\n<meta property=\"article:modified_time\" content=\"2026-03-14T00:27:05+00:00\" \/>\n<meta property=\"og:image\" content=\"https:\/\/studio-daar.com\/wp-content\/uploads\/2026\/02\/CBCAD059-82C4-421E-B0EB-3F2E6CCFD06F-scaled.jpeg\" \/>\n\t<meta property=\"og:image:width\" content=\"2235\" \/>\n\t<meta property=\"og:image:height\" content=\"2560\" \/>\n\t<meta property=\"og:image:type\" content=\"image\/jpeg\" \/>\n<meta name=\"twitter:card\" content=\"summary_large_image\" \/>\n<script type=\"application\/ld+json\" class=\"yoast-schema-graph\">{\"@context\":\"https:\\\/\\\/schema.org\",\"@graph\":[{\"@type\":\"WebPage\",\"@id\":\"https:\\\/\\\/studio-daar.com\\\/proizvodi\\\/tirkizne-male-mindjuse\\\/\",\"url\":\"https:\\\/\\\/studio-daar.com\\\/proizvodi\\\/tirkizne-male-mindjuse\\\/\",\"name\":\"Tirkizne male mindju\u0161e - Studio Daar\",\"isPartOf\":{\"@id\":\"https:\\\/\\\/studio-daar.com\\\/#website\"},\"primaryImageOfPage\":{\"@id\":\"https:\\\/\\\/studio-daar.com\\\/proizvodi\\\/tirkizne-male-mindjuse\\\/#primaryimage\"},\"image\":{\"@id\":\"https:\\\/\\\/studio-daar.com\\\/proizvodi\\\/tirkizne-male-mindjuse\\\/#primaryimage\"},\"thumbnailUrl\":\"https:\\\/\\\/studio-daar.com\\\/wp-content\\\/uploads\\\/2026\\\/02\\\/CBCAD059-82C4-421E-B0EB-3F2E6CCFD06F-scaled.jpeg\",\"datePublished\":\"2026-02-17T16:45:31+00:00\",\"dateModified\":\"2026-03-14T00:27:05+00:00\",\"breadcrumb\":{\"@id\":\"https:\\\/\\\/studio-daar.com\\\/proizvodi\\\/tirkizne-male-mindjuse\\\/#breadcrumb\"},\"inLanguage\":\"en-US\",\"potentialAction\":[{\"@type\":\"ReadAction\",\"target\":[\"https:\\\/\\\/studio-daar.com\\\/proizvodi\\\/tirkizne-male-mindjuse\\\/\"]}]},{\"@type\":\"ImageObject\",\"inLanguage\":\"en-US\",\"@id\":\"https:\\\/\\\/studio-daar.com\\\/proizvodi\\\/tirkizne-male-mindjuse\\\/#primaryimage\",\"url\":\"https:\\\/\\\/studio-daar.com\\\/wp-content\\\/uploads\\\/2026\\\/02\\\/CBCAD059-82C4-421E-B0EB-3F2E6CCFD06F-scaled.jpeg\",\"contentUrl\":\"https:\\\/\\\/studio-daar.com\\\/wp-content\\\/uploads\\\/2026\\\/02\\\/CBCAD059-82C4-421E-B0EB-3F2E6CCFD06F-scaled.jpeg\",\"width\":2235,\"height\":2560},{\"@type\":\"BreadcrumbList\",\"@id\":\"https:\\\/\\\/studio-daar.com\\\/proizvodi\\\/tirkizne-male-mindjuse\\\/#breadcrumb\",\"itemListElement\":[{\"@type\":\"ListItem\",\"position\":1,\"name\":\"Po\u010detna\",\"item\":\"https:\\\/\\\/studio-daar.com\\\/\"},{\"@type\":\"ListItem\",\"position\":2,\"name\":\"Proizvodi\",\"item\":\"https:\\\/\\\/studio-daar.com\\\/proizvodi\\\/\"},{\"@type\":\"ListItem\",\"position\":3,\"name\":\"Tirkizne male mindju\u0161e\"}]},{\"@type\":\"WebSite\",\"@id\":\"https:\\\/\\\/studio-daar.com\\\/#website\",\"url\":\"https:\\\/\\\/studio-daar.com\\\/\",\"name\":\"Studio Daar\",\"description\":\"Neobi\u010dno radjeni personalizovani pribor za jelo, minijature, nakit, unikatni mladenci za torte i razni drugi upotrebni predmeti\",\"publisher\":{\"@id\":\"https:\\\/\\\/studio-daar.com\\\/#organization\"},\"potentialAction\":[{\"@type\":\"SearchAction\",\"target\":{\"@type\":\"EntryPoint\",\"urlTemplate\":\"https:\\\/\\\/studio-daar.com\\\/?s={search_term_string}\"},\"query-input\":{\"@type\":\"PropertyValueSpecification\",\"valueRequired\":true,\"valueName\":\"search_term_string\"}}],\"inLanguage\":\"en-US\"},{\"@type\":\"Organization\",\"@id\":\"https:\\\/\\\/studio-daar.com\\\/#organization\",\"name\":\"Studio Daar\",\"url\":\"https:\\\/\\\/studio-daar.com\\\/\",\"logo\":{\"@type\":\"ImageObject\",\"inLanguage\":\"en-US\",\"@id\":\"https:\\\/\\\/studio-daar.com\\\/#\\\/schema\\\/logo\\\/image\\\/\",\"url\":\"https:\\\/\\\/studio-daar.com\\\/wp-content\\\/uploads\\\/2022\\\/02\\\/daar-logo-black-white.png\",\"contentUrl\":\"https:\\\/\\\/studio-daar.com\\\/wp-content\\\/uploads\\\/2022\\\/02\\\/daar-logo-black-white.png\",\"width\":250,\"height\":250,\"caption\":\"Studio Daar\"},\"image\":{\"@id\":\"https:\\\/\\\/studio-daar.com\\\/#\\\/schema\\\/logo\\\/image\\\/\"},\"sameAs\":[\"https:\\\/\\\/m.facebook.com\\\/daarstudio\\\/\",\"https:\\\/\\\/www.instagram.com\\\/studio_daar\\\/\",\"https:\\\/\\\/www.youtube.com\\\/channel\\\/UCLOc-OPFqfqvga5Nx69FAQQ\",\"https:\\\/\\\/www.pinterest.com\\\/radartadesign\\\/\",\"https:\\\/\\\/www.tiktok.com\\\/@studiodaar\"]}]}<\/script>\n<!-- \/ Yoast SEO plugin. -->","yoast_head_json":{"title":"Tirkizne male mindju\u0161e - Studio Daar","robots":{"index":"index","follow":"follow","max-snippet":"max-snippet:-1","max-image-preview":"max-image-preview:large","max-video-preview":"max-video-preview:-1"},"canonical":"https:\/\/studio-daar.com\/en\/proizvodi\/tirkizne-male-mindjuse\/","og_locale":"en_US","og_type":"article","og_title":"Tirkizne male mindju\u0161e - Studio Daar","og_description":"DIMENZIJE: 1.0 x 1.0 cm  Mindju\u0161e su ru\u010dno izradjene, kori\u0161\u0107ena je polimerska glina i zlatni listi\u0107i, za\u0161ti\u0107ene su rezinom. Nau\u0161nice su hipoalergene.  Min\u0111u\u0161e su izuzetno lepe i delikatne. Savr\u0161ene su za va\u0161u voljenu osobu ili ba\u0161 za vas.","og_url":"https:\/\/studio-daar.com\/en\/proizvodi\/tirkizne-male-mindjuse\/","og_site_name":"Studio Daar","article_publisher":"https:\/\/m.facebook.com\/daarstudio\/","article_modified_time":"2026-03-14T00:27:05+00:00","og_image":[{"width":2235,"height":2560,"url":"https:\/\/studio-daar.com\/wp-content\/uploads\/2026\/02\/CBCAD059-82C4-421E-B0EB-3F2E6CCFD06F-scaled.jpeg","type":"image\/jpeg"}],"twitter_card":"summary_large_image","schema":{"@context":"https:\/\/schema.org","@graph":[{"@type":"WebPage","@id":"https:\/\/studio-daar.com\/proizvodi\/tirkizne-male-mindjuse\/","url":"https:\/\/studio-daar.com\/proizvodi\/tirkizne-male-mindjuse\/","name":"Tirkizne male mindju\u0161e - Studio Daar","isPartOf":{"@id":"https:\/\/studio-daar.com\/#website"},"primaryImageOfPage":{"@id":"https:\/\/studio-daar.com\/proizvodi\/tirkizne-male-mindjuse\/#primaryimage"},"image":{"@id":"https:\/\/studio-daar.com\/proizvodi\/tirkizne-male-mindjuse\/#primaryimage"},"thumbnailUrl":"https:\/\/studio-daar.com\/wp-content\/uploads\/2026\/02\/CBCAD059-82C4-421E-B0EB-3F2E6CCFD06F-scaled.jpeg","datePublished":"2026-02-17T16:45:31+00:00","dateModified":"2026-03-14T00:27:05+00:00","breadcrumb":{"@id":"https:\/\/studio-daar.com\/proizvodi\/tirkizne-male-mindjuse\/#breadcrumb"},"inLanguage":"en-US","potentialAction":[{"@type":"ReadAction","target":["https:\/\/studio-daar.com\/proizvodi\/tirkizne-male-mindjuse\/"]}]},{"@type":"ImageObject","inLanguage":"en-US","@id":"https:\/\/studio-daar.com\/proizvodi\/tirkizne-male-mindjuse\/#primaryimage","url":"https:\/\/studio-daar.com\/wp-content\/uploads\/2026\/02\/CBCAD059-82C4-421E-B0EB-3F2E6CCFD06F-scaled.jpeg","contentUrl":"https:\/\/studio-daar.com\/wp-content\/uploads\/2026\/02\/CBCAD059-82C4-421E-B0EB-3F2E6CCFD06F-scaled.jpeg","width":2235,"height":2560},{"@type":"BreadcrumbList","@id":"https:\/\/studio-daar.com\/proizvodi\/tirkizne-male-mindjuse\/#breadcrumb","itemListElement":[{"@type":"ListItem","position":1,"name":"Po\u010detna","item":"https:\/\/studio-daar.com\/"},{"@type":"ListItem","position":2,"name":"Proizvodi","item":"https:\/\/studio-daar.com\/proizvodi\/"},{"@type":"ListItem","position":3,"name":"Tirkizne male mindju\u0161e"}]},{"@type":"WebSite","@id":"https:\/\/studio-daar.com\/#website","url":"https:\/\/studio-daar.com\/","name":"Studio Daar","description":"Neobi\u010dno radjeni personalizovani pribor za jelo, minijature, nakit, unikatni mladenci za torte i razni drugi upotrebni predmeti","publisher":{"@id":"https:\/\/studio-daar.com\/#organization"},"potentialAction":[{"@type":"SearchAction","target":{"@type":"EntryPoint","urlTemplate":"https:\/\/studio-daar.com\/?s={search_term_string}"},"query-input":{"@type":"PropertyValueSpecification","valueRequired":true,"valueName":"search_term_string"}}],"inLanguage":"en-US"},{"@type":"Organization","@id":"https:\/\/studio-daar.com\/#organization","name":"Studio Daar","url":"https:\/\/studio-daar.com\/","logo":{"@type":"ImageObject","inLanguage":"en-US","@id":"https:\/\/studio-daar.com\/#\/schema\/logo\/image\/","url":"https:\/\/studio-daar.com\/wp-content\/uploads\/2022\/02\/daar-logo-black-white.png","contentUrl":"https:\/\/studio-daar.com\/wp-content\/uploads\/2022\/02\/daar-logo-black-white.png","width":250,"height":250,"caption":"Studio Daar"},"image":{"@id":"https:\/\/studio-daar.com\/#\/schema\/logo\/image\/"},"sameAs":["https:\/\/m.facebook.com\/daarstudio\/","https:\/\/www.instagram.com\/studio_daar\/","https:\/\/www.youtube.com\/channel\/UCLOc-OPFqfqvga5Nx69FAQQ","https:\/\/www.pinterest.com\/radartadesign\/","https:\/\/www.tiktok.com\/@studiodaar"]}]}},"_links":{"self":[{"href":"https:\/\/studio-daar.com\/en\/wp-json\/wp\/v2\/product\/5799","targetHints":{"allow":["GET"]}}],"collection":[{"href":"https:\/\/studio-daar.com\/en\/wp-json\/wp\/v2\/product"}],"about":[{"href":"https:\/\/studio-daar.com\/en\/wp-json\/wp\/v2\/types\/product"}],"replies":[{"embeddable":true,"href":"https:\/\/studio-daar.com\/en\/wp-json\/wp\/v2\/comments?post=5799"}],"version-history":[{"count":0,"href":"https:\/\/studio-daar.com\/en\/wp-json\/wp\/v2\/product\/5799\/revisions"}],"wp:featuredmedia":[{"embeddable":true,"href":"https:\/\/studio-daar.com\/en\/wp-json\/wp\/v2\/media\/5800"}],"wp:attachment":[{"href":"https:\/\/studio-daar.com\/en\/wp-json\/wp\/v2\/media?parent=5799"}],"wp:term":[{"taxonomy":"product_cat","embeddable":true,"href":"https:\/\/studio-daar.com\/en\/wp-json\/wp\/v2\/product_cat?post=5799"},{"taxonomy":"product_tag","embeddable":true,"href":"https:\/\/studio-daar.com\/en\/wp-json\/wp\/v2\/product_tag?post=5799"}],"curies":[{"name":"wp","href":"https:\/\/api.w.org\/{rel}","templated":true}]}}