{"id":5650,"date":"2025-07-27T09:56:06","date_gmt":"2025-07-27T09:56:06","guid":{"rendered":"https:\/\/studio-daar.com\/?post_type=product&#038;p=5650"},"modified":"2025-07-29T17:35:18","modified_gmt":"2025-07-29T17:35:18","slug":"heklani-letnji-clutch-od-rafije-model-azzuro-postavljena-torba-rucno-heklana-sa-aluminijumskim-zatvaranjem","status":"publish","type":"product","link":"https:\/\/studio-daar.com\/en\/proizvodi\/heklani-letnji-clutch-od-rafije-model-azzuro-postavljena-torba-rucno-heklana-sa-aluminijumskim-zatvaranjem\/","title":{"rendered":"Heklani letnji clutch od rafije \u2013 model AZZURO, postavljena torba ru\u010dno heklana sa aluminijumskim zatvaranjem"},"content":{"rendered":"<hr \/>\n<hr \/>\n<p style=\"text-align: right;\">Unesite da\u0161ak prirodnog stila u svoj letnji outfit uz ru\u010dno heklanu torbicu Isla. Izra\u0111ena od prirodne rafije, ova torbica kombinuje rusti\u010dni \u0161arm sa modernom elegancijom.<\/p>\n<p>Model<\/p>\n<hr \/>\n<p>Azzuro je savr\u0161en izbor za tople dane \u2013 bilo da \u0161etate obalom, pijete kafu u omiljenom kafi\u0107u ili idete na letnji doga\u0111aj. Zahvaljuju\u0107i \u010dvrstoj aluminijumskoj kop\u010di, lako se otvara i zatvara, dok unutra\u0161nja postava \u0161titi va\u0161e stvari i dodaje notu luksuza.<\/p>\n<p>Dimenzije: 30 \u00d7 16 \u00d7 7 cm<\/p>\n<p>Materijal: rafija, aluminijumski mehanizam, tekstilna postava<br \/>\nBoja: prirodna sme\u0111a (mogu\u0107e izraditi u vi\u0161e boja po dogovoru)<\/p>\n<p>Karakteristike:<\/p>\n<ul>\n<li>Ru\u010dno ra\u0111ena torba od prirodnih materijala<\/li>\n<li>Idealna za no\u0161enje u ruci<\/li>\n<li>Unutra\u0161njost postavljena za dodatnu prakti\u010dnost<\/li>\n<li>Unikatni dizajn za letnje kombinacije uz haljine, lan, teksas i sl.<\/li>\n<\/ul>\n<p>Svaka torba je pa\u017eljivo izra\u0111ena i mo\u017ee se prilagoditi va\u0161em stilu. Poru\u010dite svoj omiljeni model i unesite ru\u010dni rad u svoju svakodnevicu!<\/p>","protected":false},"excerpt":{"rendered":"<p>Unesite da\u0161ak prirodnog stila u svoj letnji outfit uz ru\u010dno heklanu torbicu Isla. Izra\u0111ena od prirodne rafije, ova torbica kombinuje rusti\u010dni \u0161arm sa modernom elegancijom. Model Azzuro je savr\u0161en izbor za tople dane \u2013 bilo da \u0161etate obalom, pijete kafu u omiljenom kafi\u0107u ili idete na letnji doga\u0111aj. Zahvaljuju\u0107i \u010dvrstoj aluminijumskoj kop\u010di, lako se otvara \u2026<\/p>\n<p class=\"read-more\"> <a class=\"\" href=\"https:\/\/studio-daar.com\/en\/proizvodi\/heklani-letnji-clutch-od-rafije-model-azzuro-postavljena-torba-rucno-heklana-sa-aluminijumskim-zatvaranjem\/\"> <span class=\"screen-reader-text\">Heklani letnji clutch od rafije \u2013 model AZZURO, postavljena torba ru\u010dno heklana sa aluminijumskim zatvaranjem<\/span> Read More \u00bb<\/a><\/p>","protected":false},"featured_media":5651,"comment_status":"open","ping_status":"closed","template":"","meta":{"inline_featured_image":false,"site-sidebar-layout":"default","site-content-layout":"default","ast-global-header-display":"","ast-banner-title-visibility":"","ast-main-header-display":"","ast-hfb-above-header-display":"","ast-hfb-below-header-display":"","ast-hfb-mobile-header-display":"","site-post-title":"","ast-breadcrumbs-content":"","ast-featured-img":"","footer-sml-layout":"","theme-transparent-header-meta":"default","adv-header-id-meta":"","stick-header-meta":"","header-above-stick-meta":"","header-main-stick-meta":"","header-below-stick-meta":""},"product_cat":[17],"product_tag":[190,174,170,183,171,191,179,176,182,173,175,180,172,178,177,181],"class_list":["post-5650","product","type-product","status-publish","has-post-thumbnail","hentry","product_cat-torbe123","product_tag-azzuro","product_tag-clutch-torba","product_tag-heklana-torba","product_tag-isla-torba","product_tag-letnja-torba","product_tag-morski","product_tag-postavljena-torba","product_tag-prirodni-materijali","product_tag-rafija-torba","product_tag-rucni-rad","product_tag-torba-za-leto","product_tag-torba-za-plazu","product_tag-torbica-od-rafije","product_tag-torbica-za-ruku","product_tag-unikatna-torba","product_tag-zenska-torba","desktop-align-center","tablet-align-left","mobile-align-left"],"acf":[],"yoast_head":"<!-- This site is optimized with the Yoast SEO plugin v27.6 - https:\/\/yoast.com\/product\/yoast-seo-wordpress\/ -->\n<title>Heklani letnji clutch od rafije - model AZZURO, postavljena torba ru\u010dno heklana sa aluminijumskim zatvaranjem - Studio Daar<\/title>\n<meta name=\"robots\" content=\"index, follow, max-snippet:-1, max-image-preview:large, max-video-preview:-1\" \/>\n<link rel=\"canonical\" href=\"https:\/\/studio-daar.com\/en\/proizvodi\/heklani-letnji-clutch-od-rafije-model-azzuro-postavljena-torba-rucno-heklana-sa-aluminijumskim-zatvaranjem\/\" \/>\n<meta property=\"og:locale\" content=\"en_US\" \/>\n<meta property=\"og:type\" content=\"article\" \/>\n<meta property=\"og:title\" content=\"Heklani letnji clutch od rafije - model AZZURO, postavljena torba ru\u010dno heklana sa aluminijumskim zatvaranjem - Studio Daar\" \/>\n<meta property=\"og:description\" content=\"Unesite da\u0161ak prirodnog stila u svoj letnji outfit uz ru\u010dno heklanu torbicu Isla. Izra\u0111ena od prirodne rafije, ova torbica kombinuje rusti\u010dni \u0161arm sa modernom elegancijom. Model Azzuro je savr\u0161en izbor za tople dane \u2013 bilo da \u0161etate obalom, pijete kafu u omiljenom kafi\u0107u ili idete na letnji doga\u0111aj. Zahvaljuju\u0107i \u010dvrstoj aluminijumskoj kop\u010di, lako se otvara \u2026 Heklani letnji clutch od rafije \u2013 model AZZURO, postavljena torba ru\u010dno heklana sa aluminijumskim zatvaranjem Read More \u00bb\" \/>\n<meta property=\"og:url\" content=\"https:\/\/studio-daar.com\/en\/proizvodi\/heklani-letnji-clutch-od-rafije-model-azzuro-postavljena-torba-rucno-heklana-sa-aluminijumskim-zatvaranjem\/\" \/>\n<meta property=\"og:site_name\" content=\"Studio Daar\" \/>\n<meta property=\"article:publisher\" content=\"https:\/\/m.facebook.com\/daarstudio\/\" \/>\n<meta property=\"article:modified_time\" content=\"2025-07-29T17:35:18+00:00\" \/>\n<meta property=\"og:image\" content=\"https:\/\/studio-daar.com\/wp-content\/uploads\/2025\/07\/4354305C-C2D2-49C1-8F1F-A6A9E91BCCDA.jpeg\" \/>\n\t<meta property=\"og:image:width\" content=\"1170\" \/>\n\t<meta property=\"og:image:height\" content=\"1170\" \/>\n\t<meta property=\"og:image:type\" content=\"image\/jpeg\" \/>\n<meta name=\"twitter:card\" content=\"summary_large_image\" \/>\n<meta name=\"twitter:label1\" content=\"Est. reading time\" \/>\n\t<meta name=\"twitter:data1\" content=\"1 minute\" \/>\n<script type=\"application\/ld+json\" class=\"yoast-schema-graph\">{\"@context\":\"https:\\\/\\\/schema.org\",\"@graph\":[{\"@type\":\"WebPage\",\"@id\":\"https:\\\/\\\/studio-daar.com\\\/proizvodi\\\/heklani-letnji-clutch-od-rafije-model-azzuro-postavljena-torba-rucno-heklana-sa-aluminijumskim-zatvaranjem\\\/\",\"url\":\"https:\\\/\\\/studio-daar.com\\\/proizvodi\\\/heklani-letnji-clutch-od-rafije-model-azzuro-postavljena-torba-rucno-heklana-sa-aluminijumskim-zatvaranjem\\\/\",\"name\":\"Heklani letnji clutch od rafije - model AZZURO, postavljena torba ru\u010dno heklana sa aluminijumskim zatvaranjem - Studio Daar\",\"isPartOf\":{\"@id\":\"https:\\\/\\\/studio-daar.com\\\/#website\"},\"primaryImageOfPage\":{\"@id\":\"https:\\\/\\\/studio-daar.com\\\/proizvodi\\\/heklani-letnji-clutch-od-rafije-model-azzuro-postavljena-torba-rucno-heklana-sa-aluminijumskim-zatvaranjem\\\/#primaryimage\"},\"image\":{\"@id\":\"https:\\\/\\\/studio-daar.com\\\/proizvodi\\\/heklani-letnji-clutch-od-rafije-model-azzuro-postavljena-torba-rucno-heklana-sa-aluminijumskim-zatvaranjem\\\/#primaryimage\"},\"thumbnailUrl\":\"https:\\\/\\\/studio-daar.com\\\/wp-content\\\/uploads\\\/2025\\\/07\\\/4354305C-C2D2-49C1-8F1F-A6A9E91BCCDA.jpeg\",\"datePublished\":\"2025-07-27T09:56:06+00:00\",\"dateModified\":\"2025-07-29T17:35:18+00:00\",\"breadcrumb\":{\"@id\":\"https:\\\/\\\/studio-daar.com\\\/proizvodi\\\/heklani-letnji-clutch-od-rafije-model-azzuro-postavljena-torba-rucno-heklana-sa-aluminijumskim-zatvaranjem\\\/#breadcrumb\"},\"inLanguage\":\"en-US\",\"potentialAction\":[{\"@type\":\"ReadAction\",\"target\":[\"https:\\\/\\\/studio-daar.com\\\/proizvodi\\\/heklani-letnji-clutch-od-rafije-model-azzuro-postavljena-torba-rucno-heklana-sa-aluminijumskim-zatvaranjem\\\/\"]}]},{\"@type\":\"ImageObject\",\"inLanguage\":\"en-US\",\"@id\":\"https:\\\/\\\/studio-daar.com\\\/proizvodi\\\/heklani-letnji-clutch-od-rafije-model-azzuro-postavljena-torba-rucno-heklana-sa-aluminijumskim-zatvaranjem\\\/#primaryimage\",\"url\":\"https:\\\/\\\/studio-daar.com\\\/wp-content\\\/uploads\\\/2025\\\/07\\\/4354305C-C2D2-49C1-8F1F-A6A9E91BCCDA.jpeg\",\"contentUrl\":\"https:\\\/\\\/studio-daar.com\\\/wp-content\\\/uploads\\\/2025\\\/07\\\/4354305C-C2D2-49C1-8F1F-A6A9E91BCCDA.jpeg\",\"width\":1170,\"height\":1170},{\"@type\":\"BreadcrumbList\",\"@id\":\"https:\\\/\\\/studio-daar.com\\\/proizvodi\\\/heklani-letnji-clutch-od-rafije-model-azzuro-postavljena-torba-rucno-heklana-sa-aluminijumskim-zatvaranjem\\\/#breadcrumb\",\"itemListElement\":[{\"@type\":\"ListItem\",\"position\":1,\"name\":\"Po\u010detna\",\"item\":\"https:\\\/\\\/studio-daar.com\\\/\"},{\"@type\":\"ListItem\",\"position\":2,\"name\":\"Proizvodi\",\"item\":\"https:\\\/\\\/studio-daar.com\\\/proizvodi\\\/\"},{\"@type\":\"ListItem\",\"position\":3,\"name\":\"Heklani letnji clutch od rafije \u2013 model AZZURO, postavljena torba ru\u010dno heklana sa aluminijumskim zatvaranjem\"}]},{\"@type\":\"WebSite\",\"@id\":\"https:\\\/\\\/studio-daar.com\\\/#website\",\"url\":\"https:\\\/\\\/studio-daar.com\\\/\",\"name\":\"Studio Daar\",\"description\":\"Neobi\u010dno radjeni personalizovani pribor za jelo, minijature, nakit, unikatni mladenci za torte i razni drugi upotrebni predmeti\",\"publisher\":{\"@id\":\"https:\\\/\\\/studio-daar.com\\\/#organization\"},\"potentialAction\":[{\"@type\":\"SearchAction\",\"target\":{\"@type\":\"EntryPoint\",\"urlTemplate\":\"https:\\\/\\\/studio-daar.com\\\/?s={search_term_string}\"},\"query-input\":{\"@type\":\"PropertyValueSpecification\",\"valueRequired\":true,\"valueName\":\"search_term_string\"}}],\"inLanguage\":\"en-US\"},{\"@type\":\"Organization\",\"@id\":\"https:\\\/\\\/studio-daar.com\\\/#organization\",\"name\":\"Studio Daar\",\"url\":\"https:\\\/\\\/studio-daar.com\\\/\",\"logo\":{\"@type\":\"ImageObject\",\"inLanguage\":\"en-US\",\"@id\":\"https:\\\/\\\/studio-daar.com\\\/#\\\/schema\\\/logo\\\/image\\\/\",\"url\":\"https:\\\/\\\/studio-daar.com\\\/wp-content\\\/uploads\\\/2022\\\/02\\\/daar-logo-black-white.png\",\"contentUrl\":\"https:\\\/\\\/studio-daar.com\\\/wp-content\\\/uploads\\\/2022\\\/02\\\/daar-logo-black-white.png\",\"width\":250,\"height\":250,\"caption\":\"Studio Daar\"},\"image\":{\"@id\":\"https:\\\/\\\/studio-daar.com\\\/#\\\/schema\\\/logo\\\/image\\\/\"},\"sameAs\":[\"https:\\\/\\\/m.facebook.com\\\/daarstudio\\\/\",\"https:\\\/\\\/www.instagram.com\\\/studio_daar\\\/\",\"https:\\\/\\\/www.youtube.com\\\/channel\\\/UCLOc-OPFqfqvga5Nx69FAQQ\",\"https:\\\/\\\/www.pinterest.com\\\/radartadesign\\\/\",\"https:\\\/\\\/www.tiktok.com\\\/@studiodaar\"]}]}<\/script>\n<!-- \/ Yoast SEO plugin. -->","yoast_head_json":{"title":"Heklani letnji clutch od rafije - model AZZURO, postavljena torba ru\u010dno heklana sa aluminijumskim zatvaranjem - Studio Daar","robots":{"index":"index","follow":"follow","max-snippet":"max-snippet:-1","max-image-preview":"max-image-preview:large","max-video-preview":"max-video-preview:-1"},"canonical":"https:\/\/studio-daar.com\/en\/proizvodi\/heklani-letnji-clutch-od-rafije-model-azzuro-postavljena-torba-rucno-heklana-sa-aluminijumskim-zatvaranjem\/","og_locale":"en_US","og_type":"article","og_title":"Heklani letnji clutch od rafije - model AZZURO, postavljena torba ru\u010dno heklana sa aluminijumskim zatvaranjem - Studio Daar","og_description":"Unesite da\u0161ak prirodnog stila u svoj letnji outfit uz ru\u010dno heklanu torbicu Isla. Izra\u0111ena od prirodne rafije, ova torbica kombinuje rusti\u010dni \u0161arm sa modernom elegancijom. Model Azzuro je savr\u0161en izbor za tople dane \u2013 bilo da \u0161etate obalom, pijete kafu u omiljenom kafi\u0107u ili idete na letnji doga\u0111aj. Zahvaljuju\u0107i \u010dvrstoj aluminijumskoj kop\u010di, lako se otvara \u2026 Heklani letnji clutch od rafije \u2013 model AZZURO, postavljena torba ru\u010dno heklana sa aluminijumskim zatvaranjem Read More \u00bb","og_url":"https:\/\/studio-daar.com\/en\/proizvodi\/heklani-letnji-clutch-od-rafije-model-azzuro-postavljena-torba-rucno-heklana-sa-aluminijumskim-zatvaranjem\/","og_site_name":"Studio Daar","article_publisher":"https:\/\/m.facebook.com\/daarstudio\/","article_modified_time":"2025-07-29T17:35:18+00:00","og_image":[{"width":1170,"height":1170,"url":"https:\/\/studio-daar.com\/wp-content\/uploads\/2025\/07\/4354305C-C2D2-49C1-8F1F-A6A9E91BCCDA.jpeg","type":"image\/jpeg"}],"twitter_card":"summary_large_image","twitter_misc":{"Est. reading time":"1 minute"},"schema":{"@context":"https:\/\/schema.org","@graph":[{"@type":"WebPage","@id":"https:\/\/studio-daar.com\/proizvodi\/heklani-letnji-clutch-od-rafije-model-azzuro-postavljena-torba-rucno-heklana-sa-aluminijumskim-zatvaranjem\/","url":"https:\/\/studio-daar.com\/proizvodi\/heklani-letnji-clutch-od-rafije-model-azzuro-postavljena-torba-rucno-heklana-sa-aluminijumskim-zatvaranjem\/","name":"Heklani letnji clutch od rafije - model AZZURO, postavljena torba ru\u010dno heklana sa aluminijumskim zatvaranjem - Studio Daar","isPartOf":{"@id":"https:\/\/studio-daar.com\/#website"},"primaryImageOfPage":{"@id":"https:\/\/studio-daar.com\/proizvodi\/heklani-letnji-clutch-od-rafije-model-azzuro-postavljena-torba-rucno-heklana-sa-aluminijumskim-zatvaranjem\/#primaryimage"},"image":{"@id":"https:\/\/studio-daar.com\/proizvodi\/heklani-letnji-clutch-od-rafije-model-azzuro-postavljena-torba-rucno-heklana-sa-aluminijumskim-zatvaranjem\/#primaryimage"},"thumbnailUrl":"https:\/\/studio-daar.com\/wp-content\/uploads\/2025\/07\/4354305C-C2D2-49C1-8F1F-A6A9E91BCCDA.jpeg","datePublished":"2025-07-27T09:56:06+00:00","dateModified":"2025-07-29T17:35:18+00:00","breadcrumb":{"@id":"https:\/\/studio-daar.com\/proizvodi\/heklani-letnji-clutch-od-rafije-model-azzuro-postavljena-torba-rucno-heklana-sa-aluminijumskim-zatvaranjem\/#breadcrumb"},"inLanguage":"en-US","potentialAction":[{"@type":"ReadAction","target":["https:\/\/studio-daar.com\/proizvodi\/heklani-letnji-clutch-od-rafije-model-azzuro-postavljena-torba-rucno-heklana-sa-aluminijumskim-zatvaranjem\/"]}]},{"@type":"ImageObject","inLanguage":"en-US","@id":"https:\/\/studio-daar.com\/proizvodi\/heklani-letnji-clutch-od-rafije-model-azzuro-postavljena-torba-rucno-heklana-sa-aluminijumskim-zatvaranjem\/#primaryimage","url":"https:\/\/studio-daar.com\/wp-content\/uploads\/2025\/07\/4354305C-C2D2-49C1-8F1F-A6A9E91BCCDA.jpeg","contentUrl":"https:\/\/studio-daar.com\/wp-content\/uploads\/2025\/07\/4354305C-C2D2-49C1-8F1F-A6A9E91BCCDA.jpeg","width":1170,"height":1170},{"@type":"BreadcrumbList","@id":"https:\/\/studio-daar.com\/proizvodi\/heklani-letnji-clutch-od-rafije-model-azzuro-postavljena-torba-rucno-heklana-sa-aluminijumskim-zatvaranjem\/#breadcrumb","itemListElement":[{"@type":"ListItem","position":1,"name":"Po\u010detna","item":"https:\/\/studio-daar.com\/"},{"@type":"ListItem","position":2,"name":"Proizvodi","item":"https:\/\/studio-daar.com\/proizvodi\/"},{"@type":"ListItem","position":3,"name":"Heklani letnji clutch od rafije \u2013 model AZZURO, postavljena torba ru\u010dno heklana sa aluminijumskim zatvaranjem"}]},{"@type":"WebSite","@id":"https:\/\/studio-daar.com\/#website","url":"https:\/\/studio-daar.com\/","name":"Studio Daar","description":"Neobi\u010dno radjeni personalizovani pribor za jelo, minijature, nakit, unikatni mladenci za torte i razni drugi upotrebni predmeti","publisher":{"@id":"https:\/\/studio-daar.com\/#organization"},"potentialAction":[{"@type":"SearchAction","target":{"@type":"EntryPoint","urlTemplate":"https:\/\/studio-daar.com\/?s={search_term_string}"},"query-input":{"@type":"PropertyValueSpecification","valueRequired":true,"valueName":"search_term_string"}}],"inLanguage":"en-US"},{"@type":"Organization","@id":"https:\/\/studio-daar.com\/#organization","name":"Studio Daar","url":"https:\/\/studio-daar.com\/","logo":{"@type":"ImageObject","inLanguage":"en-US","@id":"https:\/\/studio-daar.com\/#\/schema\/logo\/image\/","url":"https:\/\/studio-daar.com\/wp-content\/uploads\/2022\/02\/daar-logo-black-white.png","contentUrl":"https:\/\/studio-daar.com\/wp-content\/uploads\/2022\/02\/daar-logo-black-white.png","width":250,"height":250,"caption":"Studio Daar"},"image":{"@id":"https:\/\/studio-daar.com\/#\/schema\/logo\/image\/"},"sameAs":["https:\/\/m.facebook.com\/daarstudio\/","https:\/\/www.instagram.com\/studio_daar\/","https:\/\/www.youtube.com\/channel\/UCLOc-OPFqfqvga5Nx69FAQQ","https:\/\/www.pinterest.com\/radartadesign\/","https:\/\/www.tiktok.com\/@studiodaar"]}]}},"_links":{"self":[{"href":"https:\/\/studio-daar.com\/en\/wp-json\/wp\/v2\/product\/5650","targetHints":{"allow":["GET"]}}],"collection":[{"href":"https:\/\/studio-daar.com\/en\/wp-json\/wp\/v2\/product"}],"about":[{"href":"https:\/\/studio-daar.com\/en\/wp-json\/wp\/v2\/types\/product"}],"replies":[{"embeddable":true,"href":"https:\/\/studio-daar.com\/en\/wp-json\/wp\/v2\/comments?post=5650"}],"version-history":[{"count":0,"href":"https:\/\/studio-daar.com\/en\/wp-json\/wp\/v2\/product\/5650\/revisions"}],"wp:featuredmedia":[{"embeddable":true,"href":"https:\/\/studio-daar.com\/en\/wp-json\/wp\/v2\/media\/5651"}],"wp:attachment":[{"href":"https:\/\/studio-daar.com\/en\/wp-json\/wp\/v2\/media?parent=5650"}],"wp:term":[{"taxonomy":"product_cat","embeddable":true,"href":"https:\/\/studio-daar.com\/en\/wp-json\/wp\/v2\/product_cat?post=5650"},{"taxonomy":"product_tag","embeddable":true,"href":"https:\/\/studio-daar.com\/en\/wp-json\/wp\/v2\/product_tag?post=5650"}],"curies":[{"name":"wp","href":"https:\/\/api.w.org\/{rel}","templated":true}]}}