{"id":5202,"date":"2023-04-30T14:23:38","date_gmt":"2023-04-30T14:23:38","guid":{"rendered":"https:\/\/studio-daar.com\/?post_type=product&#038;p=5202"},"modified":"2025-11-07T12:12:54","modified_gmt":"2025-11-07T12:12:54","slug":"escajg-sa-imenom-po-zelji-jednorog-dizajn","status":"publish","type":"product","link":"https:\/\/studio-daar.com\/en\/proizvodi\/escajg-sa-imenom-po-zelji-jednorog-dizajn\/","title":{"rendered":"Escajg sa imenom po \u017eelji, jednorog dizajn"},"content":{"rendered":"<p>To compare the dimensions, these are the measures of the spoon:<br \/>\n1.Baby\/toddler spoon is 15 cm (6,1\") 0-3y<br \/>\n2.Children spoon is 17 cm (6,7\")4-10y<br \/>\n3.Adult spoon is 18 cm (7,3\")<\/p>\n<p>U deo za poruke ostavite ime osobe \u2013 \u0107irilicom ili latinicom, pisanim ili \u0161tampanim slovima (ako ne navedete ispis, radim \u0107irilicom). Boje i detalje na escajgu mo\u017eete menjati takodje. Za sve \u0161to je nejasno ili imate dodatno pitanje, kontaktirajte me.<\/p>\n<p>U meniju izaberite za koji uzrast \u017eelite pribor. Takodje, u padaju\u0107em meniju, izaberite iz koliko delova \u017eelite pribor. Jednodelni \u2013 ka\u0161ika sa imenom, dvodelni \u2013 ka\u0161ika i vilju\u0161ka, trodelni \u2013 set ka\u0161ika, vilju\u0161ka i no\u017e.<\/p>\n<p>Every piece is carefully and artistically handmade with quality materials.\nUtensils are coated with polymer clay and baked at appropriate temperature.\nIt's lacquered with eco base for protection.\nProduct is 100% functional, handmade by myself in a smoke and pet free environment and it`s durable and safe.\nSilverware is safe for usage ( En71 ).<br \/>\nI always advise hand washing to preserve the beauty.<\/p>\n<p>This item have beautiful package and it's ready for gifting. It will be very securely packed for safe shipping and delivery.<br \/>\nIf you are buying a gift I can send it direct for you and take care of the nice gift wrapping too \u2013 feel free to send me a message to insert in package!<\/p>\n<p>Svaki proizvod je ru\u010dno izra\u0111en u mom malom studiju. Ovo je moj posao i velika podr\u0161ka za moj dalji rad je ostavljanje utiska za proizvod koji ste kupili kao i uslugu \ud83d\ude42<br \/>\nThank You for supporting Handmade!<\/p>","protected":false},"excerpt":{"rendered":"<p>Let the gifting be interesting and fun!<br \/>\nCutlery set can be designed for everyone.<\/p>\n<p>This unique and cute gift is perfect for your children or kids present. For adults too!<br \/>\n(On the photo is the cutlery set made on order with personal details, it is example.)<\/p>","protected":false},"featured_media":5206,"comment_status":"open","ping_status":"closed","template":"","meta":{"inline_featured_image":false,"site-sidebar-layout":"default","site-content-layout":"default","ast-global-header-display":"","ast-banner-title-visibility":"","ast-main-header-display":"","ast-hfb-above-header-display":"","ast-hfb-below-header-display":"","ast-hfb-mobile-header-display":"","site-post-title":"","ast-breadcrumbs-content":"","ast-featured-img":"","footer-sml-layout":"","theme-transparent-header-meta":"default","adv-header-id-meta":"","stick-header-meta":"","header-above-stick-meta":"","header-main-stick-meta":"","header-below-stick-meta":""},"product_cat":[22],"product_tag":[118,124,121,131,116,133,123,135,122,119,134,120],"class_list":["post-5202","product","type-product","status-publish","has-post-thumbnail","hentry","product_cat-pribor-za-jelo","product_tag-escajg","product_tag-escajg-za-devojcicu","product_tag-jednorog","product_tag-jednorog-dizajn","product_tag-poklon","product_tag-poklon-za-bebe","product_tag-poklon-za-decu","product_tag-poklon-za-devojcicu","product_tag-poklon-za-rodjendan","product_tag-pribor-za-jelo","product_tag-rodjendanski-poklon","product_tag-unicorn","desktop-align-center","tablet-align-left","mobile-align-left"],"acf":[],"yoast_head":"<!-- This site is optimized with the Yoast SEO plugin v27.5 - https:\/\/yoast.com\/product\/yoast-seo-wordpress\/ -->\n<title>Escajg sa imenom po \u017eelji, jednorog dizajn - Studio Daar<\/title>\n<meta name=\"robots\" content=\"index, follow, max-snippet:-1, max-image-preview:large, max-video-preview:-1\" \/>\n<link rel=\"canonical\" href=\"https:\/\/studio-daar.com\/en\/proizvodi\/escajg-sa-imenom-po-zelji-jednorog-dizajn\/\" \/>\n<meta property=\"og:locale\" content=\"en_US\" \/>\n<meta property=\"og:type\" content=\"article\" \/>\n<meta property=\"og:title\" content=\"Escajg sa imenom po \u017eelji, jednorog dizajn - Studio Daar\" \/>\n<meta property=\"og:description\" content=\"Neka poklanjanje bude zanimljivo i zabavno! Pribor za jelo mo\u017ee biti dizajniran za sve uzraste. Pored upotrebne uloge mo\u017ee postati divna uspomena.  Ovo je unikatan poklon za sve drage osobe i lepe doga\u0111aje u va\u0161em \u017eivotu. (Na slici je primer seta koji je radjen po porud\u017ebini.)\" \/>\n<meta property=\"og:url\" content=\"https:\/\/studio-daar.com\/en\/proizvodi\/escajg-sa-imenom-po-zelji-jednorog-dizajn\/\" \/>\n<meta property=\"og:site_name\" content=\"Studio Daar\" \/>\n<meta property=\"article:publisher\" content=\"https:\/\/m.facebook.com\/daarstudio\/\" \/>\n<meta property=\"article:modified_time\" content=\"2025-11-07T12:12:54+00:00\" \/>\n<meta property=\"og:image\" content=\"https:\/\/studio-daar.com\/wp-content\/uploads\/2023\/04\/3A549D85-7E1B-4736-8514-ACA1288A1BB0-scaled.jpeg\" \/>\n\t<meta property=\"og:image:width\" content=\"2560\" \/>\n\t<meta property=\"og:image:height\" content=\"1920\" \/>\n\t<meta property=\"og:image:type\" content=\"image\/jpeg\" \/>\n<meta name=\"twitter:card\" content=\"summary_large_image\" \/>\n<meta name=\"twitter:label1\" content=\"Est. reading time\" \/>\n\t<meta name=\"twitter:data1\" content=\"1 minute\" \/>\n<script type=\"application\/ld+json\" class=\"yoast-schema-graph\">{\"@context\":\"https:\\\/\\\/schema.org\",\"@graph\":[{\"@type\":\"WebPage\",\"@id\":\"https:\\\/\\\/studio-daar.com\\\/proizvodi\\\/escajg-sa-imenom-po-zelji-jednorog-dizajn\\\/\",\"url\":\"https:\\\/\\\/studio-daar.com\\\/proizvodi\\\/escajg-sa-imenom-po-zelji-jednorog-dizajn\\\/\",\"name\":\"Escajg sa imenom po \u017eelji, jednorog dizajn - Studio Daar\",\"isPartOf\":{\"@id\":\"https:\\\/\\\/studio-daar.com\\\/#website\"},\"primaryImageOfPage\":{\"@id\":\"https:\\\/\\\/studio-daar.com\\\/proizvodi\\\/escajg-sa-imenom-po-zelji-jednorog-dizajn\\\/#primaryimage\"},\"image\":{\"@id\":\"https:\\\/\\\/studio-daar.com\\\/proizvodi\\\/escajg-sa-imenom-po-zelji-jednorog-dizajn\\\/#primaryimage\"},\"thumbnailUrl\":\"https:\\\/\\\/studio-daar.com\\\/wp-content\\\/uploads\\\/2023\\\/04\\\/3A549D85-7E1B-4736-8514-ACA1288A1BB0-scaled.jpeg\",\"datePublished\":\"2023-04-30T14:23:38+00:00\",\"dateModified\":\"2025-11-07T12:12:54+00:00\",\"breadcrumb\":{\"@id\":\"https:\\\/\\\/studio-daar.com\\\/proizvodi\\\/escajg-sa-imenom-po-zelji-jednorog-dizajn\\\/#breadcrumb\"},\"inLanguage\":\"en-US\",\"potentialAction\":[{\"@type\":\"ReadAction\",\"target\":[\"https:\\\/\\\/studio-daar.com\\\/proizvodi\\\/escajg-sa-imenom-po-zelji-jednorog-dizajn\\\/\"]}]},{\"@type\":\"ImageObject\",\"inLanguage\":\"en-US\",\"@id\":\"https:\\\/\\\/studio-daar.com\\\/proizvodi\\\/escajg-sa-imenom-po-zelji-jednorog-dizajn\\\/#primaryimage\",\"url\":\"https:\\\/\\\/studio-daar.com\\\/wp-content\\\/uploads\\\/2023\\\/04\\\/3A549D85-7E1B-4736-8514-ACA1288A1BB0-scaled.jpeg\",\"contentUrl\":\"https:\\\/\\\/studio-daar.com\\\/wp-content\\\/uploads\\\/2023\\\/04\\\/3A549D85-7E1B-4736-8514-ACA1288A1BB0-scaled.jpeg\",\"width\":2560,\"height\":1920},{\"@type\":\"BreadcrumbList\",\"@id\":\"https:\\\/\\\/studio-daar.com\\\/proizvodi\\\/escajg-sa-imenom-po-zelji-jednorog-dizajn\\\/#breadcrumb\",\"itemListElement\":[{\"@type\":\"ListItem\",\"position\":1,\"name\":\"Po\u010detna\",\"item\":\"https:\\\/\\\/studio-daar.com\\\/\"},{\"@type\":\"ListItem\",\"position\":2,\"name\":\"Proizvodi\",\"item\":\"https:\\\/\\\/studio-daar.com\\\/proizvodi\\\/\"},{\"@type\":\"ListItem\",\"position\":3,\"name\":\"Escajg sa imenom po \u017eelji, jednorog dizajn\"}]},{\"@type\":\"WebSite\",\"@id\":\"https:\\\/\\\/studio-daar.com\\\/#website\",\"url\":\"https:\\\/\\\/studio-daar.com\\\/\",\"name\":\"Studio Daar\",\"description\":\"Neobi\u010dno radjeni personalizovani pribor za jelo, minijature, nakit, unikatni mladenci za torte i razni drugi upotrebni predmeti\",\"publisher\":{\"@id\":\"https:\\\/\\\/studio-daar.com\\\/#organization\"},\"potentialAction\":[{\"@type\":\"SearchAction\",\"target\":{\"@type\":\"EntryPoint\",\"urlTemplate\":\"https:\\\/\\\/studio-daar.com\\\/?s={search_term_string}\"},\"query-input\":{\"@type\":\"PropertyValueSpecification\",\"valueRequired\":true,\"valueName\":\"search_term_string\"}}],\"inLanguage\":\"en-US\"},{\"@type\":\"Organization\",\"@id\":\"https:\\\/\\\/studio-daar.com\\\/#organization\",\"name\":\"Studio Daar\",\"url\":\"https:\\\/\\\/studio-daar.com\\\/\",\"logo\":{\"@type\":\"ImageObject\",\"inLanguage\":\"en-US\",\"@id\":\"https:\\\/\\\/studio-daar.com\\\/#\\\/schema\\\/logo\\\/image\\\/\",\"url\":\"https:\\\/\\\/studio-daar.com\\\/wp-content\\\/uploads\\\/2022\\\/02\\\/daar-logo-black-white.png\",\"contentUrl\":\"https:\\\/\\\/studio-daar.com\\\/wp-content\\\/uploads\\\/2022\\\/02\\\/daar-logo-black-white.png\",\"width\":250,\"height\":250,\"caption\":\"Studio Daar\"},\"image\":{\"@id\":\"https:\\\/\\\/studio-daar.com\\\/#\\\/schema\\\/logo\\\/image\\\/\"},\"sameAs\":[\"https:\\\/\\\/m.facebook.com\\\/daarstudio\\\/\",\"https:\\\/\\\/www.instagram.com\\\/studio_daar\\\/\",\"https:\\\/\\\/www.youtube.com\\\/channel\\\/UCLOc-OPFqfqvga5Nx69FAQQ\",\"https:\\\/\\\/www.pinterest.com\\\/radartadesign\\\/\",\"https:\\\/\\\/www.tiktok.com\\\/@studiodaar\"]}]}<\/script>\n<!-- \/ Yoast SEO plugin. -->","yoast_head_json":{"title":"Escajg sa imenom po \u017eelji, jednorog dizajn - Studio Daar","robots":{"index":"index","follow":"follow","max-snippet":"max-snippet:-1","max-image-preview":"max-image-preview:large","max-video-preview":"max-video-preview:-1"},"canonical":"https:\/\/studio-daar.com\/en\/proizvodi\/escajg-sa-imenom-po-zelji-jednorog-dizajn\/","og_locale":"en_US","og_type":"article","og_title":"Escajg sa imenom po \u017eelji, jednorog dizajn - Studio Daar","og_description":"Neka poklanjanje bude zanimljivo i zabavno! Pribor za jelo mo\u017ee biti dizajniran za sve uzraste. Pored upotrebne uloge mo\u017ee postati divna uspomena.  Ovo je unikatan poklon za sve drage osobe i lepe doga\u0111aje u va\u0161em \u017eivotu. (Na slici je primer seta koji je radjen po porud\u017ebini.)","og_url":"https:\/\/studio-daar.com\/en\/proizvodi\/escajg-sa-imenom-po-zelji-jednorog-dizajn\/","og_site_name":"Studio Daar","article_publisher":"https:\/\/m.facebook.com\/daarstudio\/","article_modified_time":"2025-11-07T12:12:54+00:00","og_image":[{"width":2560,"height":1920,"url":"https:\/\/studio-daar.com\/wp-content\/uploads\/2023\/04\/3A549D85-7E1B-4736-8514-ACA1288A1BB0-scaled.jpeg","type":"image\/jpeg"}],"twitter_card":"summary_large_image","twitter_misc":{"Est. reading time":"1 minute"},"schema":{"@context":"https:\/\/schema.org","@graph":[{"@type":"WebPage","@id":"https:\/\/studio-daar.com\/proizvodi\/escajg-sa-imenom-po-zelji-jednorog-dizajn\/","url":"https:\/\/studio-daar.com\/proizvodi\/escajg-sa-imenom-po-zelji-jednorog-dizajn\/","name":"Escajg sa imenom po \u017eelji, jednorog dizajn - Studio Daar","isPartOf":{"@id":"https:\/\/studio-daar.com\/#website"},"primaryImageOfPage":{"@id":"https:\/\/studio-daar.com\/proizvodi\/escajg-sa-imenom-po-zelji-jednorog-dizajn\/#primaryimage"},"image":{"@id":"https:\/\/studio-daar.com\/proizvodi\/escajg-sa-imenom-po-zelji-jednorog-dizajn\/#primaryimage"},"thumbnailUrl":"https:\/\/studio-daar.com\/wp-content\/uploads\/2023\/04\/3A549D85-7E1B-4736-8514-ACA1288A1BB0-scaled.jpeg","datePublished":"2023-04-30T14:23:38+00:00","dateModified":"2025-11-07T12:12:54+00:00","breadcrumb":{"@id":"https:\/\/studio-daar.com\/proizvodi\/escajg-sa-imenom-po-zelji-jednorog-dizajn\/#breadcrumb"},"inLanguage":"en-US","potentialAction":[{"@type":"ReadAction","target":["https:\/\/studio-daar.com\/proizvodi\/escajg-sa-imenom-po-zelji-jednorog-dizajn\/"]}]},{"@type":"ImageObject","inLanguage":"en-US","@id":"https:\/\/studio-daar.com\/proizvodi\/escajg-sa-imenom-po-zelji-jednorog-dizajn\/#primaryimage","url":"https:\/\/studio-daar.com\/wp-content\/uploads\/2023\/04\/3A549D85-7E1B-4736-8514-ACA1288A1BB0-scaled.jpeg","contentUrl":"https:\/\/studio-daar.com\/wp-content\/uploads\/2023\/04\/3A549D85-7E1B-4736-8514-ACA1288A1BB0-scaled.jpeg","width":2560,"height":1920},{"@type":"BreadcrumbList","@id":"https:\/\/studio-daar.com\/proizvodi\/escajg-sa-imenom-po-zelji-jednorog-dizajn\/#breadcrumb","itemListElement":[{"@type":"ListItem","position":1,"name":"Po\u010detna","item":"https:\/\/studio-daar.com\/"},{"@type":"ListItem","position":2,"name":"Proizvodi","item":"https:\/\/studio-daar.com\/proizvodi\/"},{"@type":"ListItem","position":3,"name":"Escajg sa imenom po \u017eelji, jednorog dizajn"}]},{"@type":"WebSite","@id":"https:\/\/studio-daar.com\/#website","url":"https:\/\/studio-daar.com\/","name":"Studio Daar","description":"Neobi\u010dno radjeni personalizovani pribor za jelo, minijature, nakit, unikatni mladenci za torte i razni drugi upotrebni predmeti","publisher":{"@id":"https:\/\/studio-daar.com\/#organization"},"potentialAction":[{"@type":"SearchAction","target":{"@type":"EntryPoint","urlTemplate":"https:\/\/studio-daar.com\/?s={search_term_string}"},"query-input":{"@type":"PropertyValueSpecification","valueRequired":true,"valueName":"search_term_string"}}],"inLanguage":"en-US"},{"@type":"Organization","@id":"https:\/\/studio-daar.com\/#organization","name":"Studio Daar","url":"https:\/\/studio-daar.com\/","logo":{"@type":"ImageObject","inLanguage":"en-US","@id":"https:\/\/studio-daar.com\/#\/schema\/logo\/image\/","url":"https:\/\/studio-daar.com\/wp-content\/uploads\/2022\/02\/daar-logo-black-white.png","contentUrl":"https:\/\/studio-daar.com\/wp-content\/uploads\/2022\/02\/daar-logo-black-white.png","width":250,"height":250,"caption":"Studio Daar"},"image":{"@id":"https:\/\/studio-daar.com\/#\/schema\/logo\/image\/"},"sameAs":["https:\/\/m.facebook.com\/daarstudio\/","https:\/\/www.instagram.com\/studio_daar\/","https:\/\/www.youtube.com\/channel\/UCLOc-OPFqfqvga5Nx69FAQQ","https:\/\/www.pinterest.com\/radartadesign\/","https:\/\/www.tiktok.com\/@studiodaar"]}]}},"_links":{"self":[{"href":"https:\/\/studio-daar.com\/en\/wp-json\/wp\/v2\/product\/5202","targetHints":{"allow":["GET"]}}],"collection":[{"href":"https:\/\/studio-daar.com\/en\/wp-json\/wp\/v2\/product"}],"about":[{"href":"https:\/\/studio-daar.com\/en\/wp-json\/wp\/v2\/types\/product"}],"replies":[{"embeddable":true,"href":"https:\/\/studio-daar.com\/en\/wp-json\/wp\/v2\/comments?post=5202"}],"version-history":[{"count":0,"href":"https:\/\/studio-daar.com\/en\/wp-json\/wp\/v2\/product\/5202\/revisions"}],"wp:featuredmedia":[{"embeddable":true,"href":"https:\/\/studio-daar.com\/en\/wp-json\/wp\/v2\/media\/5206"}],"wp:attachment":[{"href":"https:\/\/studio-daar.com\/en\/wp-json\/wp\/v2\/media?parent=5202"}],"wp:term":[{"taxonomy":"product_cat","embeddable":true,"href":"https:\/\/studio-daar.com\/en\/wp-json\/wp\/v2\/product_cat?post=5202"},{"taxonomy":"product_tag","embeddable":true,"href":"https:\/\/studio-daar.com\/en\/wp-json\/wp\/v2\/product_tag?post=5202"}],"curies":[{"name":"wp","href":"https:\/\/api.w.org\/{rel}","templated":true}]}}