{"id":5119,"date":"2023-03-05T14:13:04","date_gmt":"2023-03-05T14:13:04","guid":{"rendered":"https:\/\/studio-daar.com\/?post_type=product&#038;p=5119"},"modified":"2026-01-24T10:03:00","modified_gmt":"2026-01-24T10:03:00","slug":"portret-vaseg-ljubimca-sa-imenom-privezak-za-kljuceve-uspomena-na-ljubimca-poklon-za-najdraze","status":"publish","type":"product","link":"https:\/\/studio-daar.com\/en\/proizvodi\/portret-vaseg-ljubimca-sa-imenom-privezak-za-kljuceve-uspomena-na-ljubimca-poklon-za-najdraze\/","title":{"rendered":"Portret va\u0161eg ljubimca sa imenom \u2013 privezak za klju\u010deve, uspomena i poklon za najdra\u017ee"},"content":{"rendered":"<p class=\"\" data-start=\"248\" data-end=\"507\">Zabele\u017eite ljubav prema va\u0161em ljubimcu kroz ru\u010dno izra\u0111en privezak sa njegovim portretom i imenom\u2764\ufe0f.<br \/>\nNa osnovu fotografije koju po\u0161aljete, ru\u010dno modelujem 3D figuru ljubimca u okviru od prirodne ko\u017ee, za\u0161ti\u0107enu slojem laka za dugotrajnu lepotu i postojanost.<\/p>\n<p class=\"\" data-start=\"509\" data-end=\"533\"><strong data-start=\"509\" data-end=\"531\">Detalji proizvoda:<\/strong><\/p>\n<ul data-start=\"534\" data-end=\"791\">\n<li class=\"\" data-start=\"534\" data-end=\"572\">\n<p class=\"\" data-start=\"536\" data-end=\"572\">Ru\u010dno ra\u0111ena 3D skulptura ljubimca<\/p>\n<\/li>\n<li class=\"\" data-start=\"573\" data-end=\"612\">\n<p class=\"\" data-start=\"575\" data-end=\"612\">Dodavanje imena ili kratkog natpisa<\/p>\n<\/li>\n<li class=\"\" data-start=\"613\" data-end=\"655\">\n<p class=\"\" data-start=\"615\" data-end=\"655\">Izrada po fotografiji koju kupac \u0161alje<\/p>\n<\/li>\n<li class=\"\" data-start=\"656\" data-end=\"694\">\n<p class=\"\" data-start=\"658\" data-end=\"694\">\u010cvrsta ko\u017ena osnova i za\u0161titni lak<\/p>\n<\/li>\n<li class=\"\" data-start=\"695\" data-end=\"751\">\n<p class=\"\" data-start=\"697\" data-end=\"751\">Privezak dolazi pa\u017eljivo upakovan, spreman za poklon<\/p>\n<\/li>\n<li class=\"\" data-start=\"752\" data-end=\"791\">\n<p class=\"\" data-start=\"754\" data-end=\"791\">Po \u017eelji ru\u010dno ispisana poklon poruka<\/p>\n<\/li>\n<\/ul>\n<p class=\"\" data-start=\"793\" data-end=\"817\"><strong data-start=\"793\" data-end=\"815\">Savr\u0161en poklon za:<\/strong><\/p>\n<ul data-start=\"818\" data-end=\"972\">\n<li class=\"\" data-start=\"818\" data-end=\"844\">\n<p class=\"\" data-start=\"820\" data-end=\"844\">Ro\u0111endane i godi\u0161njice<\/p>\n<\/li>\n<li class=\"\" data-start=\"845\" data-end=\"869\">\n<p class=\"\" data-start=\"847\" data-end=\"869\">Uspomenu na ljubimce<\/p>\n<\/li>\n<li class=\"\" data-start=\"870\" data-end=\"934\">\n<p class=\"\" data-start=\"872\" data-end=\"934\">Poklon za vlasnike pasa, ma\u010daka, ili drugih ku\u0107nih ljubimaca<\/p>\n<\/li>\n<li class=\"\" data-start=\"935\" data-end=\"972\">\n<p class=\"\" data-start=\"937\" data-end=\"972\">Ljubitelje personalizovanih poklona<\/p>\n<\/li>\n<\/ul>\n<p class=\"\" data-start=\"974\" data-end=\"994\"><strong data-start=\"974\" data-end=\"992\">Kako naru\u010diti:<\/strong><\/p>\n<ol data-start=\"995\" data-end=\"1153\">\n<li class=\"\" data-start=\"995\" data-end=\"1030\">\n<p class=\"\" data-start=\"998\" data-end=\"1030\">Po\u0161aljite fotografiju ljubimca<\/p>\n<\/li>\n<li class=\"\" data-start=\"1031\" data-end=\"1079\">\n<p class=\"\" data-start=\"1034\" data-end=\"1079\">Napi\u0161ite ime ili tekst koji \u017eelite da dodam<\/p>\n<\/li>\n<li class=\"\" data-start=\"1080\" data-end=\"1153\">\n<p class=\"\" data-start=\"1083\" data-end=\"1153\">Va\u0161 privezak \u0107e biti ru\u010dno izra\u0111en sa puno pa\u017enje i spakovan za poklon<\/p>\n<\/li>\n<\/ol>\n<p class=\"\" data-start=\"1155\" data-end=\"1243\">\ud83d\udcccAko \u017eelite portret dva ljubimca, mo\u017eete ga poru\u010diti sa ovog linka<\/p>\n<p>https:\/\/studio-daar.com\/proizvodi\/privezak-za-klju\u2026njihovim-imenima<\/p>\n<p class=\"\" data-start=\"1155\" data-end=\"1243\">Ponesite svog vernog prijatelja svuda sa sobom u jedinstvenom ru\u010dnom delu koje ima du\u0161u.<\/p>\n<p>Svaki proizvod je ru\u010dno izra\u0111en u mom malom studiju. Ovo je moj posao i velika podr\u0161ka za moj dalji rad je ostavljanje utiska za proizvod koji ste kupili kao i uslugu \ud83d\ude42<br \/>\nThank You for supporting Handmade!<\/p>\n<p>This item have beautiful package and it's ready for gifting. It will be very securely packed for safe shipping and delivery.<br \/>\nIf you are buying a gift I can send it direct for you and take care of the nice gift wrapping too \u2013 feel free to send me a message to insert in package!<\/p>\n<p>Svaki proizvod je ru\u010dno izra\u0111en u mom malom studiju. Ovo je moj posao i velika podr\u0161ka za moj dalji rad je ostavljanje utiska za proizvod koji ste kupili kao i uslugu \ud83d\ude42<br \/>\nThank You for supporting Handmade!<\/p>","protected":false},"excerpt":{"rendered":"<p>Personalizovan i originalan dizajn i ime na privesku za klju\u010deve \u2013 savr\u0161en poklon za nju ili njega.<\/p>\n<p>Every detail on this keychain is handmade and sculpted.<br \/>\nFotografiju ljubimca \u010diji portret\u00a0 \u017eelite po\u0161aljite mi u prostor za poruku. Ako \u017eelite neke posebne detalje, po\u0161aljite mi porukom svoju \u017eelju.<br \/>\nBaza za privezak je izra\u0111ena od prave ko\u017ee i u meniju mo\u017eete izabrati boju okvira. Unutra\u0161nji deo je od polimerske gline.<\/p>\n<p>Keychain dimension is 5.5 cm + metal keyring.<\/p>","protected":false},"featured_media":5121,"comment_status":"open","ping_status":"closed","template":"","meta":{"inline_featured_image":false,"site-sidebar-layout":"default","site-content-layout":"default","ast-global-header-display":"","ast-banner-title-visibility":"","ast-main-header-display":"","ast-hfb-above-header-display":"","ast-hfb-below-header-display":"","ast-hfb-mobile-header-display":"","site-post-title":"","ast-breadcrumbs-content":"","ast-featured-img":"","footer-sml-layout":"","theme-transparent-header-meta":"default","adv-header-id-meta":"","stick-header-meta":"","header-above-stick-meta":"","header-main-stick-meta":"","header-below-stick-meta":""},"product_cat":[28],"product_tag":[103,105,114,112,104,116,110,111,107,99,115,101,113,97,109,108,117],"class_list":["post-5119","product","type-product","status-publish","has-post-thumbnail","hentry","product_cat-privesci-za-kljuceve","product_tag-ljubimac","product_tag-macka","product_tag-moj-ljubimac","product_tag-originalan-poklon","product_tag-pas","product_tag-poklon","product_tag-poklon-za-decka","product_tag-poklon-za-devojku","product_tag-poklon-za-sve-prilike","product_tag-portret","product_tag-portret-ljubimca","product_tag-portret-macke","product_tag-privezak","product_tag-privezak-za-kljuceve","product_tag-sve-rase-macaka","product_tag-sve-rase-pasa","product_tag-za-ljubitelje-zivotinja","desktop-align-center","tablet-align-left","mobile-align-left"],"acf":[],"yoast_head":"<!-- This site is optimized with the Yoast SEO plugin v27.6 - https:\/\/yoast.com\/product\/yoast-seo-wordpress\/ -->\n<title>Portret va\u0161eg ljubimca sa imenom - privezak za klju\u010deve, uspomena i poklon za najdra\u017ee - Studio Daar<\/title>\n<meta name=\"robots\" content=\"index, follow, max-snippet:-1, max-image-preview:large, max-video-preview:-1\" \/>\n<link rel=\"canonical\" href=\"https:\/\/studio-daar.com\/en\/proizvodi\/portret-vaseg-ljubimca-sa-imenom-privezak-za-kljuceve-uspomena-na-ljubimca-poklon-za-najdraze\/\" \/>\n<meta property=\"og:locale\" content=\"en_US\" \/>\n<meta property=\"og:type\" content=\"article\" \/>\n<meta property=\"og:title\" content=\"Portret va\u0161eg ljubimca sa imenom - privezak za klju\u010deve, uspomena i poklon za najdra\u017ee - Studio Daar\" \/>\n<meta property=\"og:description\" content=\"Personalizovan i originalan dizajn i ime na privesku za klju\u010deve - savr\u0161en poklon za nju ili njega.  Svaki detalj je rezultat ru\u010dnog rada. Fotografiju ljubimca \u010diji portret\u00a0 \u017eelite po\u0161aljite mi u prostor za poruku. Ako \u017eelite neke posebne detalje, po\u0161aljite mi porukom svoju \u017eelju. Baza za privezak je izra\u0111ena od prave ko\u017ee i u meniju mo\u017eete izabrati boju okvira. Unutra\u0161nji deo je od polimerske gline.  Dimenzija priveska je 5.5 cm + prsten za privezak.\" \/>\n<meta property=\"og:url\" content=\"https:\/\/studio-daar.com\/en\/proizvodi\/portret-vaseg-ljubimca-sa-imenom-privezak-za-kljuceve-uspomena-na-ljubimca-poklon-za-najdraze\/\" \/>\n<meta property=\"og:site_name\" content=\"Studio Daar\" \/>\n<meta property=\"article:publisher\" content=\"https:\/\/m.facebook.com\/daarstudio\/\" \/>\n<meta property=\"article:modified_time\" content=\"2026-01-24T10:03:00+00:00\" \/>\n<meta property=\"og:image\" content=\"https:\/\/studio-daar.com\/wp-content\/uploads\/2023\/03\/maca1-scaled.jpg\" \/>\n\t<meta property=\"og:image:width\" content=\"2560\" \/>\n\t<meta property=\"og:image:height\" content=\"2560\" \/>\n\t<meta property=\"og:image:type\" content=\"image\/jpeg\" \/>\n<meta name=\"twitter:card\" content=\"summary_large_image\" \/>\n<meta name=\"twitter:label1\" content=\"Est. reading time\" \/>\n\t<meta name=\"twitter:data1\" content=\"2 minutes\" \/>\n<script type=\"application\/ld+json\" class=\"yoast-schema-graph\">{\"@context\":\"https:\\\/\\\/schema.org\",\"@graph\":[{\"@type\":\"WebPage\",\"@id\":\"https:\\\/\\\/studio-daar.com\\\/proizvodi\\\/portret-vaseg-ljubimca-sa-imenom-privezak-za-kljuceve-uspomena-na-ljubimca-poklon-za-najdraze\\\/\",\"url\":\"https:\\\/\\\/studio-daar.com\\\/proizvodi\\\/portret-vaseg-ljubimca-sa-imenom-privezak-za-kljuceve-uspomena-na-ljubimca-poklon-za-najdraze\\\/\",\"name\":\"Portret va\u0161eg ljubimca sa imenom - privezak za klju\u010deve, uspomena i poklon za najdra\u017ee - Studio Daar\",\"isPartOf\":{\"@id\":\"https:\\\/\\\/studio-daar.com\\\/#website\"},\"primaryImageOfPage\":{\"@id\":\"https:\\\/\\\/studio-daar.com\\\/proizvodi\\\/portret-vaseg-ljubimca-sa-imenom-privezak-za-kljuceve-uspomena-na-ljubimca-poklon-za-najdraze\\\/#primaryimage\"},\"image\":{\"@id\":\"https:\\\/\\\/studio-daar.com\\\/proizvodi\\\/portret-vaseg-ljubimca-sa-imenom-privezak-za-kljuceve-uspomena-na-ljubimca-poklon-za-najdraze\\\/#primaryimage\"},\"thumbnailUrl\":\"https:\\\/\\\/studio-daar.com\\\/wp-content\\\/uploads\\\/2023\\\/03\\\/maca1-scaled.jpg\",\"datePublished\":\"2023-03-05T14:13:04+00:00\",\"dateModified\":\"2026-01-24T10:03:00+00:00\",\"breadcrumb\":{\"@id\":\"https:\\\/\\\/studio-daar.com\\\/proizvodi\\\/portret-vaseg-ljubimca-sa-imenom-privezak-za-kljuceve-uspomena-na-ljubimca-poklon-za-najdraze\\\/#breadcrumb\"},\"inLanguage\":\"en-US\",\"potentialAction\":[{\"@type\":\"ReadAction\",\"target\":[\"https:\\\/\\\/studio-daar.com\\\/proizvodi\\\/portret-vaseg-ljubimca-sa-imenom-privezak-za-kljuceve-uspomena-na-ljubimca-poklon-za-najdraze\\\/\"]}]},{\"@type\":\"ImageObject\",\"inLanguage\":\"en-US\",\"@id\":\"https:\\\/\\\/studio-daar.com\\\/proizvodi\\\/portret-vaseg-ljubimca-sa-imenom-privezak-za-kljuceve-uspomena-na-ljubimca-poklon-za-najdraze\\\/#primaryimage\",\"url\":\"https:\\\/\\\/studio-daar.com\\\/wp-content\\\/uploads\\\/2023\\\/03\\\/maca1-scaled.jpg\",\"contentUrl\":\"https:\\\/\\\/studio-daar.com\\\/wp-content\\\/uploads\\\/2023\\\/03\\\/maca1-scaled.jpg\",\"width\":2560,\"height\":2560},{\"@type\":\"BreadcrumbList\",\"@id\":\"https:\\\/\\\/studio-daar.com\\\/proizvodi\\\/portret-vaseg-ljubimca-sa-imenom-privezak-za-kljuceve-uspomena-na-ljubimca-poklon-za-najdraze\\\/#breadcrumb\",\"itemListElement\":[{\"@type\":\"ListItem\",\"position\":1,\"name\":\"Po\u010detna\",\"item\":\"https:\\\/\\\/studio-daar.com\\\/\"},{\"@type\":\"ListItem\",\"position\":2,\"name\":\"Proizvodi\",\"item\":\"https:\\\/\\\/studio-daar.com\\\/proizvodi\\\/\"},{\"@type\":\"ListItem\",\"position\":3,\"name\":\"Portret va\u0161eg ljubimca sa imenom \u2013 privezak za klju\u010deve, uspomena i poklon za najdra\u017ee\"}]},{\"@type\":\"WebSite\",\"@id\":\"https:\\\/\\\/studio-daar.com\\\/#website\",\"url\":\"https:\\\/\\\/studio-daar.com\\\/\",\"name\":\"Studio Daar\",\"description\":\"Neobi\u010dno radjeni personalizovani pribor za jelo, minijature, nakit, unikatni mladenci za torte i razni drugi upotrebni predmeti\",\"publisher\":{\"@id\":\"https:\\\/\\\/studio-daar.com\\\/#organization\"},\"potentialAction\":[{\"@type\":\"SearchAction\",\"target\":{\"@type\":\"EntryPoint\",\"urlTemplate\":\"https:\\\/\\\/studio-daar.com\\\/?s={search_term_string}\"},\"query-input\":{\"@type\":\"PropertyValueSpecification\",\"valueRequired\":true,\"valueName\":\"search_term_string\"}}],\"inLanguage\":\"en-US\"},{\"@type\":\"Organization\",\"@id\":\"https:\\\/\\\/studio-daar.com\\\/#organization\",\"name\":\"Studio Daar\",\"url\":\"https:\\\/\\\/studio-daar.com\\\/\",\"logo\":{\"@type\":\"ImageObject\",\"inLanguage\":\"en-US\",\"@id\":\"https:\\\/\\\/studio-daar.com\\\/#\\\/schema\\\/logo\\\/image\\\/\",\"url\":\"https:\\\/\\\/studio-daar.com\\\/wp-content\\\/uploads\\\/2022\\\/02\\\/daar-logo-black-white.png\",\"contentUrl\":\"https:\\\/\\\/studio-daar.com\\\/wp-content\\\/uploads\\\/2022\\\/02\\\/daar-logo-black-white.png\",\"width\":250,\"height\":250,\"caption\":\"Studio Daar\"},\"image\":{\"@id\":\"https:\\\/\\\/studio-daar.com\\\/#\\\/schema\\\/logo\\\/image\\\/\"},\"sameAs\":[\"https:\\\/\\\/m.facebook.com\\\/daarstudio\\\/\",\"https:\\\/\\\/www.instagram.com\\\/studio_daar\\\/\",\"https:\\\/\\\/www.youtube.com\\\/channel\\\/UCLOc-OPFqfqvga5Nx69FAQQ\",\"https:\\\/\\\/www.pinterest.com\\\/radartadesign\\\/\",\"https:\\\/\\\/www.tiktok.com\\\/@studiodaar\"]}]}<\/script>\n<!-- \/ Yoast SEO plugin. -->","yoast_head_json":{"title":"Portret va\u0161eg ljubimca sa imenom - privezak za klju\u010deve, uspomena i poklon za najdra\u017ee - Studio Daar","robots":{"index":"index","follow":"follow","max-snippet":"max-snippet:-1","max-image-preview":"max-image-preview:large","max-video-preview":"max-video-preview:-1"},"canonical":"https:\/\/studio-daar.com\/en\/proizvodi\/portret-vaseg-ljubimca-sa-imenom-privezak-za-kljuceve-uspomena-na-ljubimca-poklon-za-najdraze\/","og_locale":"en_US","og_type":"article","og_title":"Portret va\u0161eg ljubimca sa imenom - privezak za klju\u010deve, uspomena i poklon za najdra\u017ee - Studio Daar","og_description":"Personalizovan i originalan dizajn i ime na privesku za klju\u010deve - savr\u0161en poklon za nju ili njega.  Svaki detalj je rezultat ru\u010dnog rada. Fotografiju ljubimca \u010diji portret\u00a0 \u017eelite po\u0161aljite mi u prostor za poruku. Ako \u017eelite neke posebne detalje, po\u0161aljite mi porukom svoju \u017eelju. Baza za privezak je izra\u0111ena od prave ko\u017ee i u meniju mo\u017eete izabrati boju okvira. Unutra\u0161nji deo je od polimerske gline.  Dimenzija priveska je 5.5 cm + prsten za privezak.","og_url":"https:\/\/studio-daar.com\/en\/proizvodi\/portret-vaseg-ljubimca-sa-imenom-privezak-za-kljuceve-uspomena-na-ljubimca-poklon-za-najdraze\/","og_site_name":"Studio Daar","article_publisher":"https:\/\/m.facebook.com\/daarstudio\/","article_modified_time":"2026-01-24T10:03:00+00:00","og_image":[{"width":2560,"height":2560,"url":"https:\/\/studio-daar.com\/wp-content\/uploads\/2023\/03\/maca1-scaled.jpg","type":"image\/jpeg"}],"twitter_card":"summary_large_image","twitter_misc":{"Est. reading time":"2 minutes"},"schema":{"@context":"https:\/\/schema.org","@graph":[{"@type":"WebPage","@id":"https:\/\/studio-daar.com\/proizvodi\/portret-vaseg-ljubimca-sa-imenom-privezak-za-kljuceve-uspomena-na-ljubimca-poklon-za-najdraze\/","url":"https:\/\/studio-daar.com\/proizvodi\/portret-vaseg-ljubimca-sa-imenom-privezak-za-kljuceve-uspomena-na-ljubimca-poklon-za-najdraze\/","name":"Portret va\u0161eg ljubimca sa imenom - privezak za klju\u010deve, uspomena i poklon za najdra\u017ee - Studio Daar","isPartOf":{"@id":"https:\/\/studio-daar.com\/#website"},"primaryImageOfPage":{"@id":"https:\/\/studio-daar.com\/proizvodi\/portret-vaseg-ljubimca-sa-imenom-privezak-za-kljuceve-uspomena-na-ljubimca-poklon-za-najdraze\/#primaryimage"},"image":{"@id":"https:\/\/studio-daar.com\/proizvodi\/portret-vaseg-ljubimca-sa-imenom-privezak-za-kljuceve-uspomena-na-ljubimca-poklon-za-najdraze\/#primaryimage"},"thumbnailUrl":"https:\/\/studio-daar.com\/wp-content\/uploads\/2023\/03\/maca1-scaled.jpg","datePublished":"2023-03-05T14:13:04+00:00","dateModified":"2026-01-24T10:03:00+00:00","breadcrumb":{"@id":"https:\/\/studio-daar.com\/proizvodi\/portret-vaseg-ljubimca-sa-imenom-privezak-za-kljuceve-uspomena-na-ljubimca-poklon-za-najdraze\/#breadcrumb"},"inLanguage":"en-US","potentialAction":[{"@type":"ReadAction","target":["https:\/\/studio-daar.com\/proizvodi\/portret-vaseg-ljubimca-sa-imenom-privezak-za-kljuceve-uspomena-na-ljubimca-poklon-za-najdraze\/"]}]},{"@type":"ImageObject","inLanguage":"en-US","@id":"https:\/\/studio-daar.com\/proizvodi\/portret-vaseg-ljubimca-sa-imenom-privezak-za-kljuceve-uspomena-na-ljubimca-poklon-za-najdraze\/#primaryimage","url":"https:\/\/studio-daar.com\/wp-content\/uploads\/2023\/03\/maca1-scaled.jpg","contentUrl":"https:\/\/studio-daar.com\/wp-content\/uploads\/2023\/03\/maca1-scaled.jpg","width":2560,"height":2560},{"@type":"BreadcrumbList","@id":"https:\/\/studio-daar.com\/proizvodi\/portret-vaseg-ljubimca-sa-imenom-privezak-za-kljuceve-uspomena-na-ljubimca-poklon-za-najdraze\/#breadcrumb","itemListElement":[{"@type":"ListItem","position":1,"name":"Po\u010detna","item":"https:\/\/studio-daar.com\/"},{"@type":"ListItem","position":2,"name":"Proizvodi","item":"https:\/\/studio-daar.com\/proizvodi\/"},{"@type":"ListItem","position":3,"name":"Portret va\u0161eg ljubimca sa imenom \u2013 privezak za klju\u010deve, uspomena i poklon za najdra\u017ee"}]},{"@type":"WebSite","@id":"https:\/\/studio-daar.com\/#website","url":"https:\/\/studio-daar.com\/","name":"Studio Daar","description":"Neobi\u010dno radjeni personalizovani pribor za jelo, minijature, nakit, unikatni mladenci za torte i razni drugi upotrebni predmeti","publisher":{"@id":"https:\/\/studio-daar.com\/#organization"},"potentialAction":[{"@type":"SearchAction","target":{"@type":"EntryPoint","urlTemplate":"https:\/\/studio-daar.com\/?s={search_term_string}"},"query-input":{"@type":"PropertyValueSpecification","valueRequired":true,"valueName":"search_term_string"}}],"inLanguage":"en-US"},{"@type":"Organization","@id":"https:\/\/studio-daar.com\/#organization","name":"Studio Daar","url":"https:\/\/studio-daar.com\/","logo":{"@type":"ImageObject","inLanguage":"en-US","@id":"https:\/\/studio-daar.com\/#\/schema\/logo\/image\/","url":"https:\/\/studio-daar.com\/wp-content\/uploads\/2022\/02\/daar-logo-black-white.png","contentUrl":"https:\/\/studio-daar.com\/wp-content\/uploads\/2022\/02\/daar-logo-black-white.png","width":250,"height":250,"caption":"Studio Daar"},"image":{"@id":"https:\/\/studio-daar.com\/#\/schema\/logo\/image\/"},"sameAs":["https:\/\/m.facebook.com\/daarstudio\/","https:\/\/www.instagram.com\/studio_daar\/","https:\/\/www.youtube.com\/channel\/UCLOc-OPFqfqvga5Nx69FAQQ","https:\/\/www.pinterest.com\/radartadesign\/","https:\/\/www.tiktok.com\/@studiodaar"]}]}},"_links":{"self":[{"href":"https:\/\/studio-daar.com\/en\/wp-json\/wp\/v2\/product\/5119","targetHints":{"allow":["GET"]}}],"collection":[{"href":"https:\/\/studio-daar.com\/en\/wp-json\/wp\/v2\/product"}],"about":[{"href":"https:\/\/studio-daar.com\/en\/wp-json\/wp\/v2\/types\/product"}],"replies":[{"embeddable":true,"href":"https:\/\/studio-daar.com\/en\/wp-json\/wp\/v2\/comments?post=5119"}],"version-history":[{"count":0,"href":"https:\/\/studio-daar.com\/en\/wp-json\/wp\/v2\/product\/5119\/revisions"}],"wp:featuredmedia":[{"embeddable":true,"href":"https:\/\/studio-daar.com\/en\/wp-json\/wp\/v2\/media\/5121"}],"wp:attachment":[{"href":"https:\/\/studio-daar.com\/en\/wp-json\/wp\/v2\/media?parent=5119"}],"wp:term":[{"taxonomy":"product_cat","embeddable":true,"href":"https:\/\/studio-daar.com\/en\/wp-json\/wp\/v2\/product_cat?post=5119"},{"taxonomy":"product_tag","embeddable":true,"href":"https:\/\/studio-daar.com\/en\/wp-json\/wp\/v2\/product_tag?post=5119"}],"curies":[{"name":"wp","href":"https:\/\/api.w.org\/{rel}","templated":true}]}}