{"id":4991,"date":"2022-10-30T19:19:42","date_gmt":"2022-10-30T19:19:42","guid":{"rendered":"https:\/\/studio-daar.com\/?post_type=product&#038;p=4991"},"modified":"2026-01-29T17:29:13","modified_gmt":"2026-01-29T17:29:13","slug":"kozni-okrugli-privezak-za-kljuceve-sa-imenom-po-zelji-rucno-vajan-medaljon","status":"publish","type":"product","link":"https:\/\/studio-daar.com\/en\/proizvodi\/kozni-okrugli-privezak-za-kljuceve-sa-imenom-po-zelji-rucno-vajan-medaljon\/","title":{"rendered":"Ko\u017eni okrugli privezak za klju\u010deve sa imenom po \u017eelji, ru\u010dno vajan medaljon"},"content":{"rendered":"<p>This item have beautiful package and it's ready for gifting. It will be very securely packed for safe shipping and delivery.<br \/>\nIf you are buying a gift I can send it direct for you and take care of the nice gift wrapping too \u2013 feel free to send me a message to insert in package!<\/p>\n<p>Svaki proizvod je ru\u010dno izra\u0111en u mom malom studiju. Ovo je moj posao i velika podr\u0161ka za moj dalji rad je ostavljanje utiska za proizvod koji ste kupili kao i uslugu \ud83d\ude42<br \/>\nThank You for supporting Handmade!<\/p>","protected":false},"excerpt":{"rendered":"<p>Personalizovano ime i originalan dizajn na privesku za klju\u010deve \u2013 savr\u0161en poklon za nju ili njega.<\/p>\n<p>Every detail on this keychain is handmade and sculpted.<br \/>\nIme koje \u017eelite kao i boju pozadine na medaljonu po\u0161aljite u prostoru za poruku. Ako \u017eelite neki poseban dizajn, po\u0161aljite mi svoju \u017eelju.<br \/>\nBaza za privezak je izra\u0111ena od prave ko\u017ee. Unutra\u0161nji deo (medaljon) je od polimerske gline i za\u0161ti\u0107en je rezinom \u010dime se dobija i staklast efekat.<\/p>\n<p>Keychain dimension is 5.5 cm + metal keyring.<\/p>","protected":false},"featured_media":4988,"comment_status":"open","ping_status":"closed","template":"","meta":{"inline_featured_image":false,"site-sidebar-layout":"default","site-content-layout":"default","ast-global-header-display":"","ast-banner-title-visibility":"","ast-main-header-display":"","ast-hfb-above-header-display":"","ast-hfb-below-header-display":"","ast-hfb-mobile-header-display":"","site-post-title":"","ast-breadcrumbs-content":"","ast-featured-img":"","footer-sml-layout":"","theme-transparent-header-meta":"default","adv-header-id-meta":"","stick-header-meta":"","header-above-stick-meta":"","header-main-stick-meta":"","header-below-stick-meta":""},"product_cat":[28],"product_tag":[112,143,123,122,98,97],"class_list":["post-4991","product","type-product","status-publish","has-post-thumbnail","hentry","product_cat-privesci-za-kljuceve","product_tag-originalan-poklon","product_tag-personalizovan-poklon","product_tag-poklon-za-decu","product_tag-poklon-za-rodjendan","product_tag-privezak-sa-imenom","product_tag-privezak-za-kljuceve","desktop-align-center","tablet-align-left","mobile-align-left"],"acf":[],"yoast_head":"<!-- This site is optimized with the Yoast SEO plugin v27.6 - https:\/\/yoast.com\/product\/yoast-seo-wordpress\/ -->\n<title>Ko\u017eni okrugli privezak za klju\u010deve sa imenom po \u017eelji, ru\u010dno vajan medaljon - Studio Daar<\/title>\n<meta name=\"robots\" content=\"index, follow, max-snippet:-1, max-image-preview:large, max-video-preview:-1\" \/>\n<link rel=\"canonical\" href=\"https:\/\/studio-daar.com\/en\/proizvodi\/kozni-okrugli-privezak-za-kljuceve-sa-imenom-po-zelji-rucno-vajan-medaljon\/\" \/>\n<meta property=\"og:locale\" content=\"en_US\" \/>\n<meta property=\"og:type\" content=\"article\" \/>\n<meta property=\"og:title\" content=\"Ko\u017eni okrugli privezak za klju\u010deve sa imenom po \u017eelji, ru\u010dno vajan medaljon - Studio Daar\" \/>\n<meta property=\"og:description\" content=\"Personalizovano ime i originalan dizajn na privesku za klju\u010deve - savr\u0161en poklon za nju ili njega.  Svaki detalj je rezultat ru\u010dnog rada. Ime koje \u017eelite kao i boju pozadine na medaljonu po\u0161aljite u prostoru za poruku. Ako \u017eelite neki poseban dizajn, po\u0161aljite mi svoju \u017eelju. Baza za privezak je izra\u0111ena od prave ko\u017ee. Unutra\u0161nji deo (medaljon) je od polimerske gline i za\u0161ti\u0107en je rezinom \u010dime se dobija i staklast efekat.  Dimenzija priveska je 5.5 cm + prsten za privezak.\" \/>\n<meta property=\"og:url\" content=\"https:\/\/studio-daar.com\/en\/proizvodi\/kozni-okrugli-privezak-za-kljuceve-sa-imenom-po-zelji-rucno-vajan-medaljon\/\" \/>\n<meta property=\"og:site_name\" content=\"Studio Daar\" \/>\n<meta property=\"article:publisher\" content=\"https:\/\/m.facebook.com\/daarstudio\/\" \/>\n<meta property=\"article:modified_time\" content=\"2026-01-29T17:29:13+00:00\" \/>\n<meta property=\"og:image\" content=\"https:\/\/studio-daar.com\/wp-content\/uploads\/2022\/10\/unnamed2-scaled.jpg\" \/>\n\t<meta property=\"og:image:width\" content=\"1920\" \/>\n\t<meta property=\"og:image:height\" content=\"2560\" \/>\n\t<meta property=\"og:image:type\" content=\"image\/jpeg\" \/>\n<meta name=\"twitter:card\" content=\"summary_large_image\" \/>\n<script type=\"application\/ld+json\" class=\"yoast-schema-graph\">{\"@context\":\"https:\\\/\\\/schema.org\",\"@graph\":[{\"@type\":\"WebPage\",\"@id\":\"https:\\\/\\\/studio-daar.com\\\/proizvodi\\\/kozni-okrugli-privezak-za-kljuceve-sa-imenom-po-zelji-rucno-vajan-medaljon\\\/\",\"url\":\"https:\\\/\\\/studio-daar.com\\\/proizvodi\\\/kozni-okrugli-privezak-za-kljuceve-sa-imenom-po-zelji-rucno-vajan-medaljon\\\/\",\"name\":\"Ko\u017eni okrugli privezak za klju\u010deve sa imenom po \u017eelji, ru\u010dno vajan medaljon - Studio Daar\",\"isPartOf\":{\"@id\":\"https:\\\/\\\/studio-daar.com\\\/#website\"},\"primaryImageOfPage\":{\"@id\":\"https:\\\/\\\/studio-daar.com\\\/proizvodi\\\/kozni-okrugli-privezak-za-kljuceve-sa-imenom-po-zelji-rucno-vajan-medaljon\\\/#primaryimage\"},\"image\":{\"@id\":\"https:\\\/\\\/studio-daar.com\\\/proizvodi\\\/kozni-okrugli-privezak-za-kljuceve-sa-imenom-po-zelji-rucno-vajan-medaljon\\\/#primaryimage\"},\"thumbnailUrl\":\"https:\\\/\\\/studio-daar.com\\\/wp-content\\\/uploads\\\/2022\\\/10\\\/unnamed2-scaled.jpg\",\"datePublished\":\"2022-10-30T19:19:42+00:00\",\"dateModified\":\"2026-01-29T17:29:13+00:00\",\"breadcrumb\":{\"@id\":\"https:\\\/\\\/studio-daar.com\\\/proizvodi\\\/kozni-okrugli-privezak-za-kljuceve-sa-imenom-po-zelji-rucno-vajan-medaljon\\\/#breadcrumb\"},\"inLanguage\":\"en-US\",\"potentialAction\":[{\"@type\":\"ReadAction\",\"target\":[\"https:\\\/\\\/studio-daar.com\\\/proizvodi\\\/kozni-okrugli-privezak-za-kljuceve-sa-imenom-po-zelji-rucno-vajan-medaljon\\\/\"]}]},{\"@type\":\"ImageObject\",\"inLanguage\":\"en-US\",\"@id\":\"https:\\\/\\\/studio-daar.com\\\/proizvodi\\\/kozni-okrugli-privezak-za-kljuceve-sa-imenom-po-zelji-rucno-vajan-medaljon\\\/#primaryimage\",\"url\":\"https:\\\/\\\/studio-daar.com\\\/wp-content\\\/uploads\\\/2022\\\/10\\\/unnamed2-scaled.jpg\",\"contentUrl\":\"https:\\\/\\\/studio-daar.com\\\/wp-content\\\/uploads\\\/2022\\\/10\\\/unnamed2-scaled.jpg\",\"width\":1920,\"height\":2560},{\"@type\":\"BreadcrumbList\",\"@id\":\"https:\\\/\\\/studio-daar.com\\\/proizvodi\\\/kozni-okrugli-privezak-za-kljuceve-sa-imenom-po-zelji-rucno-vajan-medaljon\\\/#breadcrumb\",\"itemListElement\":[{\"@type\":\"ListItem\",\"position\":1,\"name\":\"Po\u010detna\",\"item\":\"https:\\\/\\\/studio-daar.com\\\/\"},{\"@type\":\"ListItem\",\"position\":2,\"name\":\"Proizvodi\",\"item\":\"https:\\\/\\\/studio-daar.com\\\/proizvodi\\\/\"},{\"@type\":\"ListItem\",\"position\":3,\"name\":\"Ko\u017eni okrugli privezak za klju\u010deve sa imenom po \u017eelji, ru\u010dno vajan medaljon\"}]},{\"@type\":\"WebSite\",\"@id\":\"https:\\\/\\\/studio-daar.com\\\/#website\",\"url\":\"https:\\\/\\\/studio-daar.com\\\/\",\"name\":\"Studio Daar\",\"description\":\"Neobi\u010dno radjeni personalizovani pribor za jelo, minijature, nakit, unikatni mladenci za torte i razni drugi upotrebni predmeti\",\"publisher\":{\"@id\":\"https:\\\/\\\/studio-daar.com\\\/#organization\"},\"potentialAction\":[{\"@type\":\"SearchAction\",\"target\":{\"@type\":\"EntryPoint\",\"urlTemplate\":\"https:\\\/\\\/studio-daar.com\\\/?s={search_term_string}\"},\"query-input\":{\"@type\":\"PropertyValueSpecification\",\"valueRequired\":true,\"valueName\":\"search_term_string\"}}],\"inLanguage\":\"en-US\"},{\"@type\":\"Organization\",\"@id\":\"https:\\\/\\\/studio-daar.com\\\/#organization\",\"name\":\"Studio Daar\",\"url\":\"https:\\\/\\\/studio-daar.com\\\/\",\"logo\":{\"@type\":\"ImageObject\",\"inLanguage\":\"en-US\",\"@id\":\"https:\\\/\\\/studio-daar.com\\\/#\\\/schema\\\/logo\\\/image\\\/\",\"url\":\"https:\\\/\\\/studio-daar.com\\\/wp-content\\\/uploads\\\/2022\\\/02\\\/daar-logo-black-white.png\",\"contentUrl\":\"https:\\\/\\\/studio-daar.com\\\/wp-content\\\/uploads\\\/2022\\\/02\\\/daar-logo-black-white.png\",\"width\":250,\"height\":250,\"caption\":\"Studio Daar\"},\"image\":{\"@id\":\"https:\\\/\\\/studio-daar.com\\\/#\\\/schema\\\/logo\\\/image\\\/\"},\"sameAs\":[\"https:\\\/\\\/m.facebook.com\\\/daarstudio\\\/\",\"https:\\\/\\\/www.instagram.com\\\/studio_daar\\\/\",\"https:\\\/\\\/www.youtube.com\\\/channel\\\/UCLOc-OPFqfqvga5Nx69FAQQ\",\"https:\\\/\\\/www.pinterest.com\\\/radartadesign\\\/\",\"https:\\\/\\\/www.tiktok.com\\\/@studiodaar\"]}]}<\/script>\n<!-- \/ Yoast SEO plugin. -->","yoast_head_json":{"title":"Ko\u017eni okrugli privezak za klju\u010deve sa imenom po \u017eelji, ru\u010dno vajan medaljon - Studio Daar","robots":{"index":"index","follow":"follow","max-snippet":"max-snippet:-1","max-image-preview":"max-image-preview:large","max-video-preview":"max-video-preview:-1"},"canonical":"https:\/\/studio-daar.com\/en\/proizvodi\/kozni-okrugli-privezak-za-kljuceve-sa-imenom-po-zelji-rucno-vajan-medaljon\/","og_locale":"en_US","og_type":"article","og_title":"Ko\u017eni okrugli privezak za klju\u010deve sa imenom po \u017eelji, ru\u010dno vajan medaljon - Studio Daar","og_description":"Personalizovano ime i originalan dizajn na privesku za klju\u010deve - savr\u0161en poklon za nju ili njega.  Svaki detalj je rezultat ru\u010dnog rada. Ime koje \u017eelite kao i boju pozadine na medaljonu po\u0161aljite u prostoru za poruku. Ako \u017eelite neki poseban dizajn, po\u0161aljite mi svoju \u017eelju. Baza za privezak je izra\u0111ena od prave ko\u017ee. Unutra\u0161nji deo (medaljon) je od polimerske gline i za\u0161ti\u0107en je rezinom \u010dime se dobija i staklast efekat.  Dimenzija priveska je 5.5 cm + prsten za privezak.","og_url":"https:\/\/studio-daar.com\/en\/proizvodi\/kozni-okrugli-privezak-za-kljuceve-sa-imenom-po-zelji-rucno-vajan-medaljon\/","og_site_name":"Studio Daar","article_publisher":"https:\/\/m.facebook.com\/daarstudio\/","article_modified_time":"2026-01-29T17:29:13+00:00","og_image":[{"width":1920,"height":2560,"url":"https:\/\/studio-daar.com\/wp-content\/uploads\/2022\/10\/unnamed2-scaled.jpg","type":"image\/jpeg"}],"twitter_card":"summary_large_image","schema":{"@context":"https:\/\/schema.org","@graph":[{"@type":"WebPage","@id":"https:\/\/studio-daar.com\/proizvodi\/kozni-okrugli-privezak-za-kljuceve-sa-imenom-po-zelji-rucno-vajan-medaljon\/","url":"https:\/\/studio-daar.com\/proizvodi\/kozni-okrugli-privezak-za-kljuceve-sa-imenom-po-zelji-rucno-vajan-medaljon\/","name":"Ko\u017eni okrugli privezak za klju\u010deve sa imenom po \u017eelji, ru\u010dno vajan medaljon - Studio Daar","isPartOf":{"@id":"https:\/\/studio-daar.com\/#website"},"primaryImageOfPage":{"@id":"https:\/\/studio-daar.com\/proizvodi\/kozni-okrugli-privezak-za-kljuceve-sa-imenom-po-zelji-rucno-vajan-medaljon\/#primaryimage"},"image":{"@id":"https:\/\/studio-daar.com\/proizvodi\/kozni-okrugli-privezak-za-kljuceve-sa-imenom-po-zelji-rucno-vajan-medaljon\/#primaryimage"},"thumbnailUrl":"https:\/\/studio-daar.com\/wp-content\/uploads\/2022\/10\/unnamed2-scaled.jpg","datePublished":"2022-10-30T19:19:42+00:00","dateModified":"2026-01-29T17:29:13+00:00","breadcrumb":{"@id":"https:\/\/studio-daar.com\/proizvodi\/kozni-okrugli-privezak-za-kljuceve-sa-imenom-po-zelji-rucno-vajan-medaljon\/#breadcrumb"},"inLanguage":"en-US","potentialAction":[{"@type":"ReadAction","target":["https:\/\/studio-daar.com\/proizvodi\/kozni-okrugli-privezak-za-kljuceve-sa-imenom-po-zelji-rucno-vajan-medaljon\/"]}]},{"@type":"ImageObject","inLanguage":"en-US","@id":"https:\/\/studio-daar.com\/proizvodi\/kozni-okrugli-privezak-za-kljuceve-sa-imenom-po-zelji-rucno-vajan-medaljon\/#primaryimage","url":"https:\/\/studio-daar.com\/wp-content\/uploads\/2022\/10\/unnamed2-scaled.jpg","contentUrl":"https:\/\/studio-daar.com\/wp-content\/uploads\/2022\/10\/unnamed2-scaled.jpg","width":1920,"height":2560},{"@type":"BreadcrumbList","@id":"https:\/\/studio-daar.com\/proizvodi\/kozni-okrugli-privezak-za-kljuceve-sa-imenom-po-zelji-rucno-vajan-medaljon\/#breadcrumb","itemListElement":[{"@type":"ListItem","position":1,"name":"Po\u010detna","item":"https:\/\/studio-daar.com\/"},{"@type":"ListItem","position":2,"name":"Proizvodi","item":"https:\/\/studio-daar.com\/proizvodi\/"},{"@type":"ListItem","position":3,"name":"Ko\u017eni okrugli privezak za klju\u010deve sa imenom po \u017eelji, ru\u010dno vajan medaljon"}]},{"@type":"WebSite","@id":"https:\/\/studio-daar.com\/#website","url":"https:\/\/studio-daar.com\/","name":"Studio Daar","description":"Neobi\u010dno radjeni personalizovani pribor za jelo, minijature, nakit, unikatni mladenci za torte i razni drugi upotrebni predmeti","publisher":{"@id":"https:\/\/studio-daar.com\/#organization"},"potentialAction":[{"@type":"SearchAction","target":{"@type":"EntryPoint","urlTemplate":"https:\/\/studio-daar.com\/?s={search_term_string}"},"query-input":{"@type":"PropertyValueSpecification","valueRequired":true,"valueName":"search_term_string"}}],"inLanguage":"en-US"},{"@type":"Organization","@id":"https:\/\/studio-daar.com\/#organization","name":"Studio Daar","url":"https:\/\/studio-daar.com\/","logo":{"@type":"ImageObject","inLanguage":"en-US","@id":"https:\/\/studio-daar.com\/#\/schema\/logo\/image\/","url":"https:\/\/studio-daar.com\/wp-content\/uploads\/2022\/02\/daar-logo-black-white.png","contentUrl":"https:\/\/studio-daar.com\/wp-content\/uploads\/2022\/02\/daar-logo-black-white.png","width":250,"height":250,"caption":"Studio Daar"},"image":{"@id":"https:\/\/studio-daar.com\/#\/schema\/logo\/image\/"},"sameAs":["https:\/\/m.facebook.com\/daarstudio\/","https:\/\/www.instagram.com\/studio_daar\/","https:\/\/www.youtube.com\/channel\/UCLOc-OPFqfqvga5Nx69FAQQ","https:\/\/www.pinterest.com\/radartadesign\/","https:\/\/www.tiktok.com\/@studiodaar"]}]}},"_links":{"self":[{"href":"https:\/\/studio-daar.com\/en\/wp-json\/wp\/v2\/product\/4991","targetHints":{"allow":["GET"]}}],"collection":[{"href":"https:\/\/studio-daar.com\/en\/wp-json\/wp\/v2\/product"}],"about":[{"href":"https:\/\/studio-daar.com\/en\/wp-json\/wp\/v2\/types\/product"}],"replies":[{"embeddable":true,"href":"https:\/\/studio-daar.com\/en\/wp-json\/wp\/v2\/comments?post=4991"}],"version-history":[{"count":0,"href":"https:\/\/studio-daar.com\/en\/wp-json\/wp\/v2\/product\/4991\/revisions"}],"wp:featuredmedia":[{"embeddable":true,"href":"https:\/\/studio-daar.com\/en\/wp-json\/wp\/v2\/media\/4988"}],"wp:attachment":[{"href":"https:\/\/studio-daar.com\/en\/wp-json\/wp\/v2\/media?parent=4991"}],"wp:term":[{"taxonomy":"product_cat","embeddable":true,"href":"https:\/\/studio-daar.com\/en\/wp-json\/wp\/v2\/product_cat?post=4991"},{"taxonomy":"product_tag","embeddable":true,"href":"https:\/\/studio-daar.com\/en\/wp-json\/wp\/v2\/product_tag?post=4991"}],"curies":[{"name":"wp","href":"https:\/\/api.w.org\/{rel}","templated":true}]}}