{"id":2805,"date":"2022-04-23T14:05:04","date_gmt":"2022-04-23T14:05:04","guid":{"rendered":"https:\/\/studio-daar.com\/?post_type=product&#038;p=2805"},"modified":"2024-11-11T09:07:34","modified_gmt":"2024-11-11T09:07:34","slug":"heklica-sa-tri-psa-po-fotografiji-personalizovana-heklica-originalan-poklon-za-ljubitelje-heklanja","status":"publish","type":"product","link":"https:\/\/studio-daar.com\/en\/proizvodi\/heklica-sa-tri-psa-po-fotografiji-personalizovana-heklica-originalan-poklon-za-ljubitelje-heklanja\/","title":{"rendered":"3 custom dog crochet hook, dog figurine polymer clay hook, dog fun crochet hook"},"content":{"rendered":"<p>In the options, select the crochet size you want.<br \/>\nIf you have special request and your idea, please feel free to contact me.<\/p>\n<p>This item have beautiful package and it's ready for gifting. It will be very securely packed for safe shipping and delivery.<br \/>\nIf you are buying a gift I can send it direct for you and take care of the nice gift wrapping too \u2013 feel free to send me a message to insert in package!<\/p>\n<p>Svaki proizvod je ru\u010dno izra\u0111en u mom malom studiju. Ovo je moj posao i velika podr\u0161ka za moj dalji rad je ostavljanje utiska za proizvod koji ste kupili kao i uslugu \ud83d\ude42<br \/>\nThank You for supporting Handmade!<\/p>","protected":false},"excerpt":{"rendered":"<p>Crocheting can be more interesting than usual !  \nThese hooks have original design.<br \/>\nEvery detail on this hook is handmade and sculpted.<br \/>\nUniversal hook is coated with a polymer clay and baked at the appropriate temperature for hardness and lacquered with acrylic base for protection.<\/p>","protected":false},"featured_media":2808,"comment_status":"open","ping_status":"closed","template":"","meta":{"inline_featured_image":false,"site-sidebar-layout":"default","site-content-layout":"default","ast-global-header-display":"","ast-banner-title-visibility":"","ast-main-header-display":"","ast-hfb-above-header-display":"","ast-hfb-below-header-display":"","ast-hfb-mobile-header-display":"","site-post-title":"","ast-breadcrumbs-content":"","ast-featured-img":"","footer-sml-layout":"","theme-transparent-header-meta":"default","adv-header-id-meta":"","stick-header-meta":"","header-above-stick-meta":"","header-main-stick-meta":"","header-below-stick-meta":""},"product_cat":[21],"product_tag":[],"class_list":["post-2805","product","type-product","status-publish","has-post-thumbnail","hentry","product_cat-heklice","desktop-align-center","tablet-align-left","mobile-align-left"],"acf":[],"yoast_head":"<!-- This site is optimized with the Yoast SEO plugin v27.5 - https:\/\/yoast.com\/product\/yoast-seo-wordpress\/ -->\n<title>Heklica sa tri psa po fotografiji, personalizovana heklica, originalan poklon za ljubitelje heklanja - Studio Daar<\/title>\n<meta name=\"robots\" content=\"index, follow, max-snippet:-1, max-image-preview:large, max-video-preview:-1\" \/>\n<link rel=\"canonical\" href=\"https:\/\/studio-daar.com\/en\/proizvodi\/heklica-sa-tri-psa-po-fotografiji-personalizovana-heklica-originalan-poklon-za-ljubitelje-heklanja\/\" \/>\n<meta property=\"og:locale\" content=\"en_US\" \/>\n<meta property=\"og:type\" content=\"article\" \/>\n<meta property=\"og:title\" content=\"Heklica sa tri psa po fotografiji, personalizovana heklica, originalan poklon za ljubitelje heklanja - Studio Daar\" \/>\n<meta property=\"og:description\" content=\"Heklanje mo\u017ee biti jo\u0161 interesantnije i zanimljivije sa ovim heklicama koje imaju originalan dizajn. Svaki detalj je izvajan i proizvod je ru\u010dnog rada. Metalna heklica je presvu\u010dena polimerskom glinom koja je ispe\u010dena na adekvatnoj temperaturi i za\u0161ti\u0107ena eko za\u0161titom.\" \/>\n<meta property=\"og:url\" content=\"https:\/\/studio-daar.com\/en\/proizvodi\/heklica-sa-tri-psa-po-fotografiji-personalizovana-heklica-originalan-poklon-za-ljubitelje-heklanja\/\" \/>\n<meta property=\"og:site_name\" content=\"Studio Daar\" \/>\n<meta property=\"article:publisher\" content=\"https:\/\/m.facebook.com\/daarstudio\/\" \/>\n<meta property=\"article:modified_time\" content=\"2024-11-11T09:07:34+00:00\" \/>\n<meta property=\"og:image\" content=\"https:\/\/studio-daar.com\/wp-content\/uploads\/2022\/04\/img-heklica6-01.jpg\" \/>\n\t<meta property=\"og:image:width\" content=\"1140\" \/>\n\t<meta property=\"og:image:height\" content=\"1140\" \/>\n\t<meta property=\"og:image:type\" content=\"image\/jpeg\" \/>\n<meta name=\"twitter:card\" content=\"summary_large_image\" \/>\n<meta name=\"twitter:label1\" content=\"Est. reading time\" \/>\n\t<meta name=\"twitter:data1\" content=\"1 minute\" \/>\n<script type=\"application\/ld+json\" class=\"yoast-schema-graph\">{\"@context\":\"https:\\\/\\\/schema.org\",\"@graph\":[{\"@type\":\"WebPage\",\"@id\":\"https:\\\/\\\/studio-daar.com\\\/proizvodi\\\/heklica-sa-tri-psa-po-fotografiji-personalizovana-heklica-originalan-poklon-za-ljubitelje-heklanja\\\/\",\"url\":\"https:\\\/\\\/studio-daar.com\\\/proizvodi\\\/heklica-sa-tri-psa-po-fotografiji-personalizovana-heklica-originalan-poklon-za-ljubitelje-heklanja\\\/\",\"name\":\"Heklica sa tri psa po fotografiji, personalizovana heklica, originalan poklon za ljubitelje heklanja - Studio Daar\",\"isPartOf\":{\"@id\":\"https:\\\/\\\/studio-daar.com\\\/#website\"},\"primaryImageOfPage\":{\"@id\":\"https:\\\/\\\/studio-daar.com\\\/proizvodi\\\/heklica-sa-tri-psa-po-fotografiji-personalizovana-heklica-originalan-poklon-za-ljubitelje-heklanja\\\/#primaryimage\"},\"image\":{\"@id\":\"https:\\\/\\\/studio-daar.com\\\/proizvodi\\\/heklica-sa-tri-psa-po-fotografiji-personalizovana-heklica-originalan-poklon-za-ljubitelje-heklanja\\\/#primaryimage\"},\"thumbnailUrl\":\"https:\\\/\\\/studio-daar.com\\\/wp-content\\\/uploads\\\/2022\\\/04\\\/img-heklica6-01.jpg\",\"datePublished\":\"2022-04-23T14:05:04+00:00\",\"dateModified\":\"2024-11-11T09:07:34+00:00\",\"breadcrumb\":{\"@id\":\"https:\\\/\\\/studio-daar.com\\\/proizvodi\\\/heklica-sa-tri-psa-po-fotografiji-personalizovana-heklica-originalan-poklon-za-ljubitelje-heklanja\\\/#breadcrumb\"},\"inLanguage\":\"en-US\",\"potentialAction\":[{\"@type\":\"ReadAction\",\"target\":[\"https:\\\/\\\/studio-daar.com\\\/proizvodi\\\/heklica-sa-tri-psa-po-fotografiji-personalizovana-heklica-originalan-poklon-za-ljubitelje-heklanja\\\/\"]}]},{\"@type\":\"ImageObject\",\"inLanguage\":\"en-US\",\"@id\":\"https:\\\/\\\/studio-daar.com\\\/proizvodi\\\/heklica-sa-tri-psa-po-fotografiji-personalizovana-heklica-originalan-poklon-za-ljubitelje-heklanja\\\/#primaryimage\",\"url\":\"https:\\\/\\\/studio-daar.com\\\/wp-content\\\/uploads\\\/2022\\\/04\\\/img-heklica6-01.jpg\",\"contentUrl\":\"https:\\\/\\\/studio-daar.com\\\/wp-content\\\/uploads\\\/2022\\\/04\\\/img-heklica6-01.jpg\",\"width\":1140,\"height\":1140},{\"@type\":\"BreadcrumbList\",\"@id\":\"https:\\\/\\\/studio-daar.com\\\/proizvodi\\\/heklica-sa-tri-psa-po-fotografiji-personalizovana-heklica-originalan-poklon-za-ljubitelje-heklanja\\\/#breadcrumb\",\"itemListElement\":[{\"@type\":\"ListItem\",\"position\":1,\"name\":\"Po\u010detna\",\"item\":\"https:\\\/\\\/studio-daar.com\\\/\"},{\"@type\":\"ListItem\",\"position\":2,\"name\":\"Proizvodi\",\"item\":\"https:\\\/\\\/studio-daar.com\\\/proizvodi\\\/\"},{\"@type\":\"ListItem\",\"position\":3,\"name\":\"Heklica sa tri psa po fotografiji, personalizovana heklica, originalan poklon za ljubitelje heklanja\"}]},{\"@type\":\"WebSite\",\"@id\":\"https:\\\/\\\/studio-daar.com\\\/#website\",\"url\":\"https:\\\/\\\/studio-daar.com\\\/\",\"name\":\"Studio Daar\",\"description\":\"Neobi\u010dno radjeni personalizovani pribor za jelo, minijature, nakit, unikatni mladenci za torte i razni drugi upotrebni predmeti\",\"publisher\":{\"@id\":\"https:\\\/\\\/studio-daar.com\\\/#organization\"},\"potentialAction\":[{\"@type\":\"SearchAction\",\"target\":{\"@type\":\"EntryPoint\",\"urlTemplate\":\"https:\\\/\\\/studio-daar.com\\\/?s={search_term_string}\"},\"query-input\":{\"@type\":\"PropertyValueSpecification\",\"valueRequired\":true,\"valueName\":\"search_term_string\"}}],\"inLanguage\":\"en-US\"},{\"@type\":\"Organization\",\"@id\":\"https:\\\/\\\/studio-daar.com\\\/#organization\",\"name\":\"Studio Daar\",\"url\":\"https:\\\/\\\/studio-daar.com\\\/\",\"logo\":{\"@type\":\"ImageObject\",\"inLanguage\":\"en-US\",\"@id\":\"https:\\\/\\\/studio-daar.com\\\/#\\\/schema\\\/logo\\\/image\\\/\",\"url\":\"https:\\\/\\\/studio-daar.com\\\/wp-content\\\/uploads\\\/2022\\\/02\\\/daar-logo-black-white.png\",\"contentUrl\":\"https:\\\/\\\/studio-daar.com\\\/wp-content\\\/uploads\\\/2022\\\/02\\\/daar-logo-black-white.png\",\"width\":250,\"height\":250,\"caption\":\"Studio Daar\"},\"image\":{\"@id\":\"https:\\\/\\\/studio-daar.com\\\/#\\\/schema\\\/logo\\\/image\\\/\"},\"sameAs\":[\"https:\\\/\\\/m.facebook.com\\\/daarstudio\\\/\",\"https:\\\/\\\/www.instagram.com\\\/studio_daar\\\/\",\"https:\\\/\\\/www.youtube.com\\\/channel\\\/UCLOc-OPFqfqvga5Nx69FAQQ\",\"https:\\\/\\\/www.pinterest.com\\\/radartadesign\\\/\",\"https:\\\/\\\/www.tiktok.com\\\/@studiodaar\"]}]}<\/script>\n<!-- \/ Yoast SEO plugin. -->","yoast_head_json":{"title":"Heklica sa tri psa po fotografiji, personalizovana heklica, originalan poklon za ljubitelje heklanja - Studio Daar","robots":{"index":"index","follow":"follow","max-snippet":"max-snippet:-1","max-image-preview":"max-image-preview:large","max-video-preview":"max-video-preview:-1"},"canonical":"https:\/\/studio-daar.com\/en\/proizvodi\/heklica-sa-tri-psa-po-fotografiji-personalizovana-heklica-originalan-poklon-za-ljubitelje-heklanja\/","og_locale":"en_US","og_type":"article","og_title":"Heklica sa tri psa po fotografiji, personalizovana heklica, originalan poklon za ljubitelje heklanja - Studio Daar","og_description":"Heklanje mo\u017ee biti jo\u0161 interesantnije i zanimljivije sa ovim heklicama koje imaju originalan dizajn. Svaki detalj je izvajan i proizvod je ru\u010dnog rada. Metalna heklica je presvu\u010dena polimerskom glinom koja je ispe\u010dena na adekvatnoj temperaturi i za\u0161ti\u0107ena eko za\u0161titom.","og_url":"https:\/\/studio-daar.com\/en\/proizvodi\/heklica-sa-tri-psa-po-fotografiji-personalizovana-heklica-originalan-poklon-za-ljubitelje-heklanja\/","og_site_name":"Studio Daar","article_publisher":"https:\/\/m.facebook.com\/daarstudio\/","article_modified_time":"2024-11-11T09:07:34+00:00","og_image":[{"width":1140,"height":1140,"url":"https:\/\/studio-daar.com\/wp-content\/uploads\/2022\/04\/img-heklica6-01.jpg","type":"image\/jpeg"}],"twitter_card":"summary_large_image","twitter_misc":{"Est. reading time":"1 minute"},"schema":{"@context":"https:\/\/schema.org","@graph":[{"@type":"WebPage","@id":"https:\/\/studio-daar.com\/proizvodi\/heklica-sa-tri-psa-po-fotografiji-personalizovana-heklica-originalan-poklon-za-ljubitelje-heklanja\/","url":"https:\/\/studio-daar.com\/proizvodi\/heklica-sa-tri-psa-po-fotografiji-personalizovana-heklica-originalan-poklon-za-ljubitelje-heklanja\/","name":"Heklica sa tri psa po fotografiji, personalizovana heklica, originalan poklon za ljubitelje heklanja - Studio Daar","isPartOf":{"@id":"https:\/\/studio-daar.com\/#website"},"primaryImageOfPage":{"@id":"https:\/\/studio-daar.com\/proizvodi\/heklica-sa-tri-psa-po-fotografiji-personalizovana-heklica-originalan-poklon-za-ljubitelje-heklanja\/#primaryimage"},"image":{"@id":"https:\/\/studio-daar.com\/proizvodi\/heklica-sa-tri-psa-po-fotografiji-personalizovana-heklica-originalan-poklon-za-ljubitelje-heklanja\/#primaryimage"},"thumbnailUrl":"https:\/\/studio-daar.com\/wp-content\/uploads\/2022\/04\/img-heklica6-01.jpg","datePublished":"2022-04-23T14:05:04+00:00","dateModified":"2024-11-11T09:07:34+00:00","breadcrumb":{"@id":"https:\/\/studio-daar.com\/proizvodi\/heklica-sa-tri-psa-po-fotografiji-personalizovana-heklica-originalan-poklon-za-ljubitelje-heklanja\/#breadcrumb"},"inLanguage":"en-US","potentialAction":[{"@type":"ReadAction","target":["https:\/\/studio-daar.com\/proizvodi\/heklica-sa-tri-psa-po-fotografiji-personalizovana-heklica-originalan-poklon-za-ljubitelje-heklanja\/"]}]},{"@type":"ImageObject","inLanguage":"en-US","@id":"https:\/\/studio-daar.com\/proizvodi\/heklica-sa-tri-psa-po-fotografiji-personalizovana-heklica-originalan-poklon-za-ljubitelje-heklanja\/#primaryimage","url":"https:\/\/studio-daar.com\/wp-content\/uploads\/2022\/04\/img-heklica6-01.jpg","contentUrl":"https:\/\/studio-daar.com\/wp-content\/uploads\/2022\/04\/img-heklica6-01.jpg","width":1140,"height":1140},{"@type":"BreadcrumbList","@id":"https:\/\/studio-daar.com\/proizvodi\/heklica-sa-tri-psa-po-fotografiji-personalizovana-heklica-originalan-poklon-za-ljubitelje-heklanja\/#breadcrumb","itemListElement":[{"@type":"ListItem","position":1,"name":"Po\u010detna","item":"https:\/\/studio-daar.com\/"},{"@type":"ListItem","position":2,"name":"Proizvodi","item":"https:\/\/studio-daar.com\/proizvodi\/"},{"@type":"ListItem","position":3,"name":"Heklica sa tri psa po fotografiji, personalizovana heklica, originalan poklon za ljubitelje heklanja"}]},{"@type":"WebSite","@id":"https:\/\/studio-daar.com\/#website","url":"https:\/\/studio-daar.com\/","name":"Studio Daar","description":"Neobi\u010dno radjeni personalizovani pribor za jelo, minijature, nakit, unikatni mladenci za torte i razni drugi upotrebni predmeti","publisher":{"@id":"https:\/\/studio-daar.com\/#organization"},"potentialAction":[{"@type":"SearchAction","target":{"@type":"EntryPoint","urlTemplate":"https:\/\/studio-daar.com\/?s={search_term_string}"},"query-input":{"@type":"PropertyValueSpecification","valueRequired":true,"valueName":"search_term_string"}}],"inLanguage":"en-US"},{"@type":"Organization","@id":"https:\/\/studio-daar.com\/#organization","name":"Studio Daar","url":"https:\/\/studio-daar.com\/","logo":{"@type":"ImageObject","inLanguage":"en-US","@id":"https:\/\/studio-daar.com\/#\/schema\/logo\/image\/","url":"https:\/\/studio-daar.com\/wp-content\/uploads\/2022\/02\/daar-logo-black-white.png","contentUrl":"https:\/\/studio-daar.com\/wp-content\/uploads\/2022\/02\/daar-logo-black-white.png","width":250,"height":250,"caption":"Studio Daar"},"image":{"@id":"https:\/\/studio-daar.com\/#\/schema\/logo\/image\/"},"sameAs":["https:\/\/m.facebook.com\/daarstudio\/","https:\/\/www.instagram.com\/studio_daar\/","https:\/\/www.youtube.com\/channel\/UCLOc-OPFqfqvga5Nx69FAQQ","https:\/\/www.pinterest.com\/radartadesign\/","https:\/\/www.tiktok.com\/@studiodaar"]}]}},"_links":{"self":[{"href":"https:\/\/studio-daar.com\/en\/wp-json\/wp\/v2\/product\/2805","targetHints":{"allow":["GET"]}}],"collection":[{"href":"https:\/\/studio-daar.com\/en\/wp-json\/wp\/v2\/product"}],"about":[{"href":"https:\/\/studio-daar.com\/en\/wp-json\/wp\/v2\/types\/product"}],"replies":[{"embeddable":true,"href":"https:\/\/studio-daar.com\/en\/wp-json\/wp\/v2\/comments?post=2805"}],"version-history":[{"count":0,"href":"https:\/\/studio-daar.com\/en\/wp-json\/wp\/v2\/product\/2805\/revisions"}],"wp:featuredmedia":[{"embeddable":true,"href":"https:\/\/studio-daar.com\/en\/wp-json\/wp\/v2\/media\/2808"}],"wp:attachment":[{"href":"https:\/\/studio-daar.com\/en\/wp-json\/wp\/v2\/media?parent=2805"}],"wp:term":[{"taxonomy":"product_cat","embeddable":true,"href":"https:\/\/studio-daar.com\/en\/wp-json\/wp\/v2\/product_cat?post=2805"},{"taxonomy":"product_tag","embeddable":true,"href":"https:\/\/studio-daar.com\/en\/wp-json\/wp\/v2\/product_tag?post=2805"}],"curies":[{"name":"wp","href":"https:\/\/api.w.org\/{rel}","templated":true}]}}