{"id":1475,"date":"2022-05-11T08:00:27","date_gmt":"2022-05-11T08:00:27","guid":{"rendered":"https:\/\/studio-daar.com\/?post_type=product&#038;p=1475"},"modified":"2025-04-26T16:34:10","modified_gmt":"2025-04-26T16:34:10","slug":"privezak-home-simbol-topline-i-pripadanja","status":"publish","type":"product","link":"https:\/\/studio-daar.com\/en\/proizvodi\/privezak-home-simbol-topline-i-pripadanja\/","title":{"rendered":"Privezak \u201cHome\u201d \u2013 simbol topline i pripadanja"},"content":{"rendered":"<p class=\"\" data-start=\"194\" data-end=\"409\">Ovaj ru\u010dno izra\u0111eni privezak sa natpisom \u201cHome\u201d savr\u0161en je podsetnik da je dom tamo gde je srce \ud83c\udfe1\u2764\ufe0f Idealan za klju\u010deve novog doma, poklon za useljenje, ili jednostavno kao svakodnevni znak ljubavi prema svom prostoru.<\/p>\n<p class=\"\" data-start=\"411\" data-end=\"543\">Izra\u0111en je sa pa\u017enjom od polimerne gline, u elegantnom ko\u017enom okviru, i zasticen rezinom za dugotrajnu lepotu i postojanost.<\/p>\n<p class=\"\" data-start=\"545\" data-end=\"569\"><strong data-start=\"545\" data-end=\"567\">Detalji proizvoda:<\/strong><\/p>\n<ul data-start=\"570\" data-end=\"785\">\n<li class=\"\" data-start=\"570\" data-end=\"615\">\n<p class=\"\" data-start=\"572\" data-end=\"615\">Ru\u010dno izra\u0111en privezak sa natpisom \u201cHome\u201d<\/p>\n<\/li>\n<li class=\"\" data-start=\"616\" data-end=\"654\">\n<p class=\"\" data-start=\"618\" data-end=\"654\">\u010cvrsta ko\u017ena osnova i polimerska glina zasticena rezinom.<\/p>\n<\/li>\n<li class=\"\" data-start=\"655\" data-end=\"687\">\n<p class=\"\" data-start=\"657\" data-end=\"687\">Lagan, ali \u010dvrst i izdr\u017eljiv<\/p>\n<\/li>\n<li class=\"\" data-start=\"688\" data-end=\"735\">\n<p class=\"\" data-start=\"690\" data-end=\"735\">Dolazi pa\u017eljivo upakovan, spreman za poklon<\/p>\n<\/li>\n<li class=\"\" data-start=\"736\" data-end=\"785\">\n<p class=\"\" data-start=\"738\" data-end=\"785\">Po \u017eelji dodajem i ru\u010dno ispisanu poklon poruku<\/p>\n<\/li>\n<\/ul>\n<p class=\"\" data-start=\"787\" data-end=\"811\"><strong data-start=\"787\" data-end=\"809\">Savr\u0161en poklon za:<\/strong><\/p>\n<ul data-start=\"812\" data-end=\"910\">\n<li class=\"\" data-start=\"812\" data-end=\"836\">\n<p class=\"\" data-start=\"814\" data-end=\"836\">Useljenje u novi dom<\/p>\n<\/li>\n<li class=\"\" data-start=\"837\" data-end=\"864\">\n<p class=\"\" data-start=\"839\" data-end=\"864\">Poklon za voljenu osobu<\/p>\n<\/li>\n<li class=\"\" data-start=\"865\" data-end=\"910\">\n<p class=\"\" data-start=\"867\" data-end=\"910\">Poklon za sebe \u2013 jer dom je tamo gde ste vi<\/p>\n<\/li>\n<\/ul>\n<p class=\"\" data-start=\"912\" data-end=\"1028\"><strong data-start=\"912\" data-end=\"930\">Kako naru\u010diti:<\/strong><br data-start=\"930\" data-end=\"933\" \/>Jednostavno dodajte u korpu i u\u017eivajte u ru\u010dno ra\u0111enom detalju koji nosi toplinu doma sa sobom.<\/p>\n<p>Svaki proizvod je ru\u010dno izra\u0111en u mom malom studiju. Ovo je moj posao i velika podr\u0161ka za moj dalji rad je ostavljanje utiska za proizvod koji ste kupili kao i uslugu \ud83d\ude42<br \/>\nThank You for supporting Handmade!<\/p>","protected":false},"excerpt":{"rendered":"<p>Personalizovano ime i originalan dizajn na privesku za klju\u010deve \u2013 savr\u0161en poklon za nju ili njega.<\/p>\n<p>Every detail on this keychain is handmade and sculpted.<br \/>\nPersonalized name you want, please send me in 'Note to seller' or message \u2026If you want some special design please send me a message with wish!<br \/>\nReal leather was used for keychain base. In menu you can choose leather color. Inside of keychain circle is made of polymer clay and baked at the appropriate temperature for hardness and painted with acrylic colors. Resin epoxy was used for protection.<\/p>\n<p>Keychain dimension is 5.5 cm + metal keyring.<\/p>","protected":false},"featured_media":3436,"comment_status":"open","ping_status":"closed","template":"","meta":{"inline_featured_image":false,"site-sidebar-layout":"default","site-content-layout":"default","ast-global-header-display":"","ast-banner-title-visibility":"","ast-main-header-display":"","ast-hfb-above-header-display":"","ast-hfb-below-header-display":"","ast-hfb-mobile-header-display":"","site-post-title":"","ast-breadcrumbs-content":"","ast-featured-img":"","footer-sml-layout":"","theme-transparent-header-meta":"default","adv-header-id-meta":"","stick-header-meta":"","header-above-stick-meta":"","header-main-stick-meta":"","header-below-stick-meta":""},"product_cat":[28],"product_tag":[],"class_list":["post-1475","product","type-product","status-publish","has-post-thumbnail","hentry","product_cat-privesci-za-kljuceve","desktop-align-center","tablet-align-left","mobile-align-left"],"acf":[],"yoast_head":"<!-- This site is optimized with the Yoast SEO plugin v27.6 - https:\/\/yoast.com\/product\/yoast-seo-wordpress\/ -->\n<title>Privezak &quot;Home&quot; \u2013 simbol topline i pripadanja - Studio Daar<\/title>\n<meta name=\"robots\" content=\"index, follow, max-snippet:-1, max-image-preview:large, max-video-preview:-1\" \/>\n<link rel=\"canonical\" href=\"https:\/\/studio-daar.com\/en\/proizvodi\/privezak-home-simbol-topline-i-pripadanja\/\" \/>\n<meta property=\"og:locale\" content=\"en_US\" \/>\n<meta property=\"og:type\" content=\"article\" \/>\n<meta property=\"og:title\" content=\"Privezak &quot;Home&quot; \u2013 simbol topline i pripadanja - Studio Daar\" \/>\n<meta property=\"og:description\" content=\"Personalizovano ime i originalan dizajn na privesku za klju\u010deve - savr\u0161en poklon za nju ili njega.  Svaki detalj je rezultat ru\u010dnog rada. Personalizovano ime koje \u017eelite po\u0161aljite mi u prostoru za poruku. Ako \u017eelite neki poseban dizajn, po\u0161aljite mi svoju \u017eelju. Baza za privezak je izra\u0111ena od prave ko\u017ee i u meniju mo\u017eete izabrati boju okvira. Unutra\u0161nji deo je od polimerske gline i za\u0161ti\u0107en je rezinom \u010dime se dobija i staklast efekat.  Dimenzija priveska je 5.5 cm + prsten za privezak.\" \/>\n<meta property=\"og:url\" content=\"https:\/\/studio-daar.com\/en\/proizvodi\/privezak-home-simbol-topline-i-pripadanja\/\" \/>\n<meta property=\"og:site_name\" content=\"Studio Daar\" \/>\n<meta property=\"article:publisher\" content=\"https:\/\/m.facebook.com\/daarstudio\/\" \/>\n<meta property=\"article:modified_time\" content=\"2025-04-26T16:34:10+00:00\" \/>\n<meta property=\"og:image\" content=\"https:\/\/studio-daar.com\/wp-content\/uploads\/2022\/03\/img-home-kozni-okrugli-privezak-za-kljuceve-01.jpg\" \/>\n\t<meta property=\"og:image:width\" content=\"1140\" \/>\n\t<meta property=\"og:image:height\" content=\"1140\" \/>\n\t<meta property=\"og:image:type\" content=\"image\/jpeg\" \/>\n<meta name=\"twitter:card\" content=\"summary_large_image\" \/>\n<meta name=\"twitter:label1\" content=\"Est. reading time\" \/>\n\t<meta name=\"twitter:data1\" content=\"1 minute\" \/>\n<script type=\"application\/ld+json\" class=\"yoast-schema-graph\">{\"@context\":\"https:\\\/\\\/schema.org\",\"@graph\":[{\"@type\":\"WebPage\",\"@id\":\"https:\\\/\\\/studio-daar.com\\\/proizvodi\\\/privezak-home-simbol-topline-i-pripadanja\\\/\",\"url\":\"https:\\\/\\\/studio-daar.com\\\/proizvodi\\\/privezak-home-simbol-topline-i-pripadanja\\\/\",\"name\":\"Privezak \\\"Home\\\" \u2013 simbol topline i pripadanja - Studio Daar\",\"isPartOf\":{\"@id\":\"https:\\\/\\\/studio-daar.com\\\/#website\"},\"primaryImageOfPage\":{\"@id\":\"https:\\\/\\\/studio-daar.com\\\/proizvodi\\\/privezak-home-simbol-topline-i-pripadanja\\\/#primaryimage\"},\"image\":{\"@id\":\"https:\\\/\\\/studio-daar.com\\\/proizvodi\\\/privezak-home-simbol-topline-i-pripadanja\\\/#primaryimage\"},\"thumbnailUrl\":\"https:\\\/\\\/studio-daar.com\\\/wp-content\\\/uploads\\\/2022\\\/03\\\/img-home-kozni-okrugli-privezak-za-kljuceve-01.jpg\",\"datePublished\":\"2022-05-11T08:00:27+00:00\",\"dateModified\":\"2025-04-26T16:34:10+00:00\",\"breadcrumb\":{\"@id\":\"https:\\\/\\\/studio-daar.com\\\/proizvodi\\\/privezak-home-simbol-topline-i-pripadanja\\\/#breadcrumb\"},\"inLanguage\":\"en-US\",\"potentialAction\":[{\"@type\":\"ReadAction\",\"target\":[\"https:\\\/\\\/studio-daar.com\\\/proizvodi\\\/privezak-home-simbol-topline-i-pripadanja\\\/\"]}]},{\"@type\":\"ImageObject\",\"inLanguage\":\"en-US\",\"@id\":\"https:\\\/\\\/studio-daar.com\\\/proizvodi\\\/privezak-home-simbol-topline-i-pripadanja\\\/#primaryimage\",\"url\":\"https:\\\/\\\/studio-daar.com\\\/wp-content\\\/uploads\\\/2022\\\/03\\\/img-home-kozni-okrugli-privezak-za-kljuceve-01.jpg\",\"contentUrl\":\"https:\\\/\\\/studio-daar.com\\\/wp-content\\\/uploads\\\/2022\\\/03\\\/img-home-kozni-okrugli-privezak-za-kljuceve-01.jpg\",\"width\":1140,\"height\":1140},{\"@type\":\"BreadcrumbList\",\"@id\":\"https:\\\/\\\/studio-daar.com\\\/proizvodi\\\/privezak-home-simbol-topline-i-pripadanja\\\/#breadcrumb\",\"itemListElement\":[{\"@type\":\"ListItem\",\"position\":1,\"name\":\"Po\u010detna\",\"item\":\"https:\\\/\\\/studio-daar.com\\\/\"},{\"@type\":\"ListItem\",\"position\":2,\"name\":\"Proizvodi\",\"item\":\"https:\\\/\\\/studio-daar.com\\\/proizvodi\\\/\"},{\"@type\":\"ListItem\",\"position\":3,\"name\":\"Privezak \u201cHome\u201d \u2013 simbol topline i pripadanja\"}]},{\"@type\":\"WebSite\",\"@id\":\"https:\\\/\\\/studio-daar.com\\\/#website\",\"url\":\"https:\\\/\\\/studio-daar.com\\\/\",\"name\":\"Studio Daar\",\"description\":\"Neobi\u010dno radjeni personalizovani pribor za jelo, minijature, nakit, unikatni mladenci za torte i razni drugi upotrebni predmeti\",\"publisher\":{\"@id\":\"https:\\\/\\\/studio-daar.com\\\/#organization\"},\"potentialAction\":[{\"@type\":\"SearchAction\",\"target\":{\"@type\":\"EntryPoint\",\"urlTemplate\":\"https:\\\/\\\/studio-daar.com\\\/?s={search_term_string}\"},\"query-input\":{\"@type\":\"PropertyValueSpecification\",\"valueRequired\":true,\"valueName\":\"search_term_string\"}}],\"inLanguage\":\"en-US\"},{\"@type\":\"Organization\",\"@id\":\"https:\\\/\\\/studio-daar.com\\\/#organization\",\"name\":\"Studio Daar\",\"url\":\"https:\\\/\\\/studio-daar.com\\\/\",\"logo\":{\"@type\":\"ImageObject\",\"inLanguage\":\"en-US\",\"@id\":\"https:\\\/\\\/studio-daar.com\\\/#\\\/schema\\\/logo\\\/image\\\/\",\"url\":\"https:\\\/\\\/studio-daar.com\\\/wp-content\\\/uploads\\\/2022\\\/02\\\/daar-logo-black-white.png\",\"contentUrl\":\"https:\\\/\\\/studio-daar.com\\\/wp-content\\\/uploads\\\/2022\\\/02\\\/daar-logo-black-white.png\",\"width\":250,\"height\":250,\"caption\":\"Studio Daar\"},\"image\":{\"@id\":\"https:\\\/\\\/studio-daar.com\\\/#\\\/schema\\\/logo\\\/image\\\/\"},\"sameAs\":[\"https:\\\/\\\/m.facebook.com\\\/daarstudio\\\/\",\"https:\\\/\\\/www.instagram.com\\\/studio_daar\\\/\",\"https:\\\/\\\/www.youtube.com\\\/channel\\\/UCLOc-OPFqfqvga5Nx69FAQQ\",\"https:\\\/\\\/www.pinterest.com\\\/radartadesign\\\/\",\"https:\\\/\\\/www.tiktok.com\\\/@studiodaar\"]}]}<\/script>\n<!-- \/ Yoast SEO plugin. -->","yoast_head_json":{"title":"Privezak \"Home\" \u2013 simbol topline i pripadanja - Studio Daar","robots":{"index":"index","follow":"follow","max-snippet":"max-snippet:-1","max-image-preview":"max-image-preview:large","max-video-preview":"max-video-preview:-1"},"canonical":"https:\/\/studio-daar.com\/en\/proizvodi\/privezak-home-simbol-topline-i-pripadanja\/","og_locale":"en_US","og_type":"article","og_title":"Privezak \"Home\" \u2013 simbol topline i pripadanja - Studio Daar","og_description":"Personalizovano ime i originalan dizajn na privesku za klju\u010deve - savr\u0161en poklon za nju ili njega.  Svaki detalj je rezultat ru\u010dnog rada. Personalizovano ime koje \u017eelite po\u0161aljite mi u prostoru za poruku. Ako \u017eelite neki poseban dizajn, po\u0161aljite mi svoju \u017eelju. Baza za privezak je izra\u0111ena od prave ko\u017ee i u meniju mo\u017eete izabrati boju okvira. Unutra\u0161nji deo je od polimerske gline i za\u0161ti\u0107en je rezinom \u010dime se dobija i staklast efekat.  Dimenzija priveska je 5.5 cm + prsten za privezak.","og_url":"https:\/\/studio-daar.com\/en\/proizvodi\/privezak-home-simbol-topline-i-pripadanja\/","og_site_name":"Studio Daar","article_publisher":"https:\/\/m.facebook.com\/daarstudio\/","article_modified_time":"2025-04-26T16:34:10+00:00","og_image":[{"width":1140,"height":1140,"url":"https:\/\/studio-daar.com\/wp-content\/uploads\/2022\/03\/img-home-kozni-okrugli-privezak-za-kljuceve-01.jpg","type":"image\/jpeg"}],"twitter_card":"summary_large_image","twitter_misc":{"Est. reading time":"1 minute"},"schema":{"@context":"https:\/\/schema.org","@graph":[{"@type":"WebPage","@id":"https:\/\/studio-daar.com\/proizvodi\/privezak-home-simbol-topline-i-pripadanja\/","url":"https:\/\/studio-daar.com\/proizvodi\/privezak-home-simbol-topline-i-pripadanja\/","name":"Privezak \"Home\" \u2013 simbol topline i pripadanja - Studio Daar","isPartOf":{"@id":"https:\/\/studio-daar.com\/#website"},"primaryImageOfPage":{"@id":"https:\/\/studio-daar.com\/proizvodi\/privezak-home-simbol-topline-i-pripadanja\/#primaryimage"},"image":{"@id":"https:\/\/studio-daar.com\/proizvodi\/privezak-home-simbol-topline-i-pripadanja\/#primaryimage"},"thumbnailUrl":"https:\/\/studio-daar.com\/wp-content\/uploads\/2022\/03\/img-home-kozni-okrugli-privezak-za-kljuceve-01.jpg","datePublished":"2022-05-11T08:00:27+00:00","dateModified":"2025-04-26T16:34:10+00:00","breadcrumb":{"@id":"https:\/\/studio-daar.com\/proizvodi\/privezak-home-simbol-topline-i-pripadanja\/#breadcrumb"},"inLanguage":"en-US","potentialAction":[{"@type":"ReadAction","target":["https:\/\/studio-daar.com\/proizvodi\/privezak-home-simbol-topline-i-pripadanja\/"]}]},{"@type":"ImageObject","inLanguage":"en-US","@id":"https:\/\/studio-daar.com\/proizvodi\/privezak-home-simbol-topline-i-pripadanja\/#primaryimage","url":"https:\/\/studio-daar.com\/wp-content\/uploads\/2022\/03\/img-home-kozni-okrugli-privezak-za-kljuceve-01.jpg","contentUrl":"https:\/\/studio-daar.com\/wp-content\/uploads\/2022\/03\/img-home-kozni-okrugli-privezak-za-kljuceve-01.jpg","width":1140,"height":1140},{"@type":"BreadcrumbList","@id":"https:\/\/studio-daar.com\/proizvodi\/privezak-home-simbol-topline-i-pripadanja\/#breadcrumb","itemListElement":[{"@type":"ListItem","position":1,"name":"Po\u010detna","item":"https:\/\/studio-daar.com\/"},{"@type":"ListItem","position":2,"name":"Proizvodi","item":"https:\/\/studio-daar.com\/proizvodi\/"},{"@type":"ListItem","position":3,"name":"Privezak \u201cHome\u201d \u2013 simbol topline i pripadanja"}]},{"@type":"WebSite","@id":"https:\/\/studio-daar.com\/#website","url":"https:\/\/studio-daar.com\/","name":"Studio Daar","description":"Neobi\u010dno radjeni personalizovani pribor za jelo, minijature, nakit, unikatni mladenci za torte i razni drugi upotrebni predmeti","publisher":{"@id":"https:\/\/studio-daar.com\/#organization"},"potentialAction":[{"@type":"SearchAction","target":{"@type":"EntryPoint","urlTemplate":"https:\/\/studio-daar.com\/?s={search_term_string}"},"query-input":{"@type":"PropertyValueSpecification","valueRequired":true,"valueName":"search_term_string"}}],"inLanguage":"en-US"},{"@type":"Organization","@id":"https:\/\/studio-daar.com\/#organization","name":"Studio Daar","url":"https:\/\/studio-daar.com\/","logo":{"@type":"ImageObject","inLanguage":"en-US","@id":"https:\/\/studio-daar.com\/#\/schema\/logo\/image\/","url":"https:\/\/studio-daar.com\/wp-content\/uploads\/2022\/02\/daar-logo-black-white.png","contentUrl":"https:\/\/studio-daar.com\/wp-content\/uploads\/2022\/02\/daar-logo-black-white.png","width":250,"height":250,"caption":"Studio Daar"},"image":{"@id":"https:\/\/studio-daar.com\/#\/schema\/logo\/image\/"},"sameAs":["https:\/\/m.facebook.com\/daarstudio\/","https:\/\/www.instagram.com\/studio_daar\/","https:\/\/www.youtube.com\/channel\/UCLOc-OPFqfqvga5Nx69FAQQ","https:\/\/www.pinterest.com\/radartadesign\/","https:\/\/www.tiktok.com\/@studiodaar"]}]}},"_links":{"self":[{"href":"https:\/\/studio-daar.com\/en\/wp-json\/wp\/v2\/product\/1475","targetHints":{"allow":["GET"]}}],"collection":[{"href":"https:\/\/studio-daar.com\/en\/wp-json\/wp\/v2\/product"}],"about":[{"href":"https:\/\/studio-daar.com\/en\/wp-json\/wp\/v2\/types\/product"}],"replies":[{"embeddable":true,"href":"https:\/\/studio-daar.com\/en\/wp-json\/wp\/v2\/comments?post=1475"}],"version-history":[{"count":0,"href":"https:\/\/studio-daar.com\/en\/wp-json\/wp\/v2\/product\/1475\/revisions"}],"wp:featuredmedia":[{"embeddable":true,"href":"https:\/\/studio-daar.com\/en\/wp-json\/wp\/v2\/media\/3436"}],"wp:attachment":[{"href":"https:\/\/studio-daar.com\/en\/wp-json\/wp\/v2\/media?parent=1475"}],"wp:term":[{"taxonomy":"product_cat","embeddable":true,"href":"https:\/\/studio-daar.com\/en\/wp-json\/wp\/v2\/product_cat?post=1475"},{"taxonomy":"product_tag","embeddable":true,"href":"https:\/\/studio-daar.com\/en\/wp-json\/wp\/v2\/product_tag?post=1475"}],"curies":[{"name":"wp","href":"https:\/\/api.w.org\/{rel}","templated":true}]}}